{"id":6606,"date":"2019-03-06T09:30:16","date_gmt":"2019-03-06T12:30:16","guid":{"rendered":"http:\/\/www.universoeso.com.br\/?p=6606"},"modified":"2021-03-29T19:34:40","modified_gmt":"2021-03-29T22:34:40","slug":"pledges-o-que-sao-pra-que-serve-e-como-pegar-a-quest","status":"publish","type":"page","link":"https:\/\/www.universoeso.com.br\/destemidos","title":{"rendered":"Undaunted Pledge: Tudo sobre a guilda dos Destemidos"},"content":{"rendered":"\t\t<div data-elementor-type=\"wp-page\" data-elementor-id=\"6606\" class=\"elementor elementor-6606\">\n\t\t\t\t\t\t\t\t\t<section class=\"elementor-section elementor-top-section elementor-element elementor-element-77049b0 elementor-section-boxed elementor-section-height-default elementor-section-height-default\" data-id=\"77049b0\" data-element_type=\"section\">\n\t\t\t\t\t\t<div class=\"elementor-container elementor-column-gap-default\">\n\t\t\t\t\t<div class=\"elementor-column elementor-col-100 elementor-top-column elementor-element elementor-element-5e96342\" data-id=\"5e96342\" data-element_type=\"column\">\n\t\t\t<div class=\"elementor-widget-wrap elementor-element-populated\">\n\t\t\t\t\t\t\t\t<div class=\"elementor-element elementor-element-ea687b8 elementor-widget elementor-widget-image\" data-id=\"ea687b8\" data-element_type=\"widget\" data-widget_type=\"image.default\">\n\t\t\t\t<div class=\"elementor-widget-container\">\n\t\t\t\t\t\t\t\t\t\t\t\t\t\t\t<img decoding=\"async\" width=\"747\" height=\"420\" src=\"https:\/\/www.universoeso.com.br\/wp-content\/uploads\/2016\/07\/undauntedcapa-768x432.jpg\" class=\"attachment-medium_large size-medium_large wp-image-12706\" alt=\"\" loading=\"lazy\" srcset=\"https:\/\/www.universoeso.com.br\/wp-content\/uploads\/2016\/07\/undauntedcapa-768x432.jpg 768w, https:\/\/www.universoeso.com.br\/wp-content\/uploads\/2016\/07\/undauntedcapa-300x169.jpg 300w, https:\/\/www.universoeso.com.br\/wp-content\/uploads\/2016\/07\/undauntedcapa-1024x576.jpg 1024w, https:\/\/www.universoeso.com.br\/wp-content\/uploads\/2016\/07\/undauntedcapa.jpg 1920w\" sizes=\"(max-width: 747px) 100vw, 747px\" \/>\t\t\t\t\t\t\t\t\t\t\t\t\t\t\t<\/div>\n\t\t\t\t<\/div>\n\t\t\t\t\t<\/div>\n\t\t<\/div>\n\t\t\t\t\t\t\t<\/div>\n\t\t<\/section>\n\t\t\t\t<section class=\"elementor-section elementor-top-section elementor-element elementor-element-25fffecb elementor-section-boxed elementor-section-height-default elementor-section-height-default\" data-id=\"25fffecb\" data-element_type=\"section\">\n\t\t\t\t\t\t<div class=\"elementor-container elementor-column-gap-default\">\n\t\t\t\t\t<div class=\"elementor-column elementor-col-100 elementor-top-column elementor-element elementor-element-32fc17c1\" data-id=\"32fc17c1\" data-element_type=\"column\">\n\t\t\t<div class=\"elementor-widget-wrap elementor-element-populated\">\n\t\t\t\t\t\t\t\t<div class=\"elementor-element elementor-element-68134b45 elementor-widget elementor-widget-text-editor\" data-id=\"68134b45\" data-element_type=\"widget\" data-widget_type=\"text-editor.default\">\n\t\t\t\t<div class=\"elementor-widget-container\">\n\t\t\t\t\t\t\tEm uma conversa de bar um aventureiro lamenta sobre o sumi\u00e7o de sua amada, que adentrou as tumbas de um antigo rei e nunca mais voltou. Os b\u00eabados ouvem aquele lamento e se juntam, fazem uma promessa de ir em busca da mo\u00e7a, trazendo a cabe\u00e7a da criatura que a mantinha cativa. Foi num contexto como esse que surgiu uma das guildas dos maiores aventureiros de Tamriel, os Destemidos.\n<\/div><\/div><\/div><\/div><\/div><\/section><\/div> <a href=\"https:\/\/www.universoeso.com.br\/destemidos#more-6606\" class=\"more-link elementor-more-link\"><span aria-label=\"Continue lendo Undaunted Pledge: Tudo sobre a guilda dos Destemidos\">(mais&hellip;)<\/span><\/a>","protected":false},"excerpt":{"rendered":"Em uma conversa de bar um aventureiro lamenta sobre o sumi\u00e7o de sua amada, que adentrou as tumbas de um antigo rei e \n<a class=\"moretag\" href=\"https:\/\/www.universoeso.com.br\/destemidos\"> [Leia mais]<\/a>","protected":false},"author":2,"featured_media":12706,"parent":0,"menu_order":0,"comment_status":"open","ping_status":"open","template":"layouts\/fullwidth.php","meta":[],"_links":{"self":[{"href":"https:\/\/www.universoeso.com.br\/index.php\/wp-json\/wp\/v2\/pages\/6606"}],"collection":[{"href":"https:\/\/www.universoeso.com.br\/index.php\/wp-json\/wp\/v2\/pages"}],"about":[{"href":"https:\/\/www.universoeso.com.br\/index.php\/wp-json\/wp\/v2\/types\/page"}],"author":[{"embeddable":true,"href":"https:\/\/www.universoeso.com.br\/index.php\/wp-json\/wp\/v2\/users\/2"}],"replies":[{"embeddable":true,"href":"https:\/\/www.universoeso.com.br\/index.php\/wp-json\/wp\/v2\/comments?post=6606"}],"version-history":[{"count":56,"href":"https:\/\/www.universoeso.com.br\/index.php\/wp-json\/wp\/v2\/pages\/6606\/revisions"}],"predecessor-version":[{"id":16939,"href":"https:\/\/www.universoeso.com.br\/index.php\/wp-json\/wp\/v2\/pages\/6606\/revisions\/16939"}],"wp:featuredmedia":[{"embeddable":true,"href":"https:\/\/www.universoeso.com.br\/index.php\/wp-json\/wp\/v2\/media\/12706"}],"wp:attachment":[{"href":"https:\/\/www.universoeso.com.br\/index.php\/wp-json\/wp\/v2\/media?parent=6606"}],"curies":[{"name":"wp","href":"https:\/\/api.w.org\/{rel}","templated":true}]}}