{"id":2042,"date":"2018-08-15T22:14:36","date_gmt":"2018-08-16T01:14:36","guid":{"rendered":"http:\/\/www.universoeso.com.br\/?p=2042"},"modified":"2021-04-09T02:24:58","modified_gmt":"2021-04-09T05:24:58","slug":"guia-lobisomem-tudo-que-voce-precisa-saber","status":"publish","type":"page","link":"https:\/\/www.universoeso.com.br\/guia-lobisomem\/","title":{"rendered":"Guia do Lobisomem &#8211; The Elder Scrolls Online"},"content":{"rendered":"<p>Esse \u00e9 um guia da Licantropia no The Elder Scrolls. Vamos te ensinar como adquirir a\u00a0maldi\u00e7\u00e3o, as vantagens de ser lobisomem, a localiza\u00e7\u00e3o dos santu\u00e1rios de Hircine e mais.<br \/>\n<!--more--><\/p>\n<p><iframe loading=\"lazy\"  id=\"_ytid_65856\"  width=\"747\" height=\"420\"  data-origwidth=\"747\" data-origheight=\"420\" src=\"https:\/\/www.youtube.com\/embed\/61DBReQmeZc?enablejsapi=1&#038;autoplay=0&#038;cc_load_policy=0&#038;cc_lang_pref=&#038;iv_load_policy=1&#038;loop=0&#038;modestbranding=0&#038;rel=1&#038;fs=1&#038;playsinline=0&#038;autohide=2&#038;theme=dark&#038;color=red&#038;controls=1&#038;\" class=\"__youtube_prefs__  epyt-is-override  no-lazyload\" title=\"YouTube player\"  allow=\"accelerometer; autoplay; clipboard-write; encrypted-media; gyroscope; picture-in-picture\" allowfullscreen data-no-lazy=\"1\" data-skipgform_ajax_framebjll=\"\"><\/iframe><\/p>\n<hr \/>\n<p>As vantagens e penalidades <strong>s\u00f3 se aplicam se voc\u00ea estiver na forma de lobo<\/strong>, caso contr\u00e1rio \u00e9 como se voc\u00ea fosse n\u00e3o possu\u00edsse a maldi\u00e7\u00e3o.<\/p>\n<h2 style=\"text-align: left;\"><strong>Vantagens do Lobisomem<\/strong><\/h2>\n<ul style=\"text-align: left;\">\n<li>Aumento de Resist\u00eancia (quase 10mil de resist\u00eancia f\u00edsica e m\u00e1gica)<\/li>\n<li>Aumento de Velocidade de corrida<\/li>\n<li>Aumento de Regenera\u00e7\u00e3o e do M\u00e1ximo de Vigor<\/li>\n<li>Linha de habilidades exclusivas do lobisomem com diversos efeitos<\/li>\n<\/ul>\n<h2 style=\"text-align: left;\"><strong>Desvantagens<\/strong><\/h2>\n<ul style=\"text-align: left;\">\n<li>S\u00f3 \u00e9 eficiente para classes focadas em Vigor (Stamina)<\/li>\n<li>Fraqueza a Veneno<\/li>\n<li>A forma do lobisomem \u00e9 uma habilidade Ultimate, o que consome um espa\u00e7o na sua barra<\/li>\n<li>A forma do lobisomem possui um custo alto (300 de Ultimate)<\/li>\n<li>\u00c9 necess\u00e1rio se alimentar com uma frequ\u00eancia alta para n\u00e3o perder a forma bestial<\/li>\n<\/ul>\n<hr \/>\n<h2 style=\"text-align: left;\"><strong>Como\u00a0se tornar Lobisomem<\/strong><\/h2>\n<p style=\"text-align: left;\"><span class=\"notranslate\">Voc\u00ea pode contrair <strong>Sanies Lupinus<\/strong>\u00a0dos\u00a0<strong>Werewolf\u00a0<\/strong>ou pode ser mordido por um jogador\u00a0Lobisomem\u00a0em um\u00a0<strong>Santu\u00e1rio.<\/strong><\/span><\/p>\n<p style=\"text-align: left;\">\u00a0<span class=\"notranslate\">Os <strong>Werewolf<\/strong>\u00a0s\u00f3 aparecem durante noites de lua cheia\u00a0espalhados em\u00a0mapas\u00a0de cada fac\u00e7\u00e3o:<strong> Bangkorai<\/strong> para <strong>Daggerfall<\/strong> , <strong>The<\/strong>\u00a0<strong>Rift<\/strong> para<strong>\u00a0Ebonheart<\/strong> e <strong>\u00a0Reaper&#8217;s March<\/strong> para <strong>Aldmeri Dominion<\/strong>.<br \/>\n<\/span><span class=\"notranslate\">N\u00e3o \u00e9 necess\u00e1rio matar os<strong> <strong>Werewolf<\/strong><\/strong>,<\/span>\u00a0<span class=\"notranslate\">uma vez mordido voc\u00ea pode fugir permitindo que outros jogadores contraiam a doen\u00e7a do mesmo inimigo.<\/span><\/p>\n<p style=\"text-align: left;\">Depois de ter contra\u00eddo a doen\u00e7a, voc\u00ea deve completar a miss\u00e3o:<\/p>\n<p style=\"text-align: left;\"><span class=\"notranslate\"><strong> Hircine\u2019s Gift<\/strong>\u00a0, v<\/span><span class=\"notranslate\">oc\u00ea tem at\u00e9 \u00a07 dias para completar esta miss\u00e3o.<br \/>\nO dom de Hircine\u00a0tamb\u00e9m pode ser comprado a partir da<strong>\u00a0Crown<\/strong>\u00a0<strong>Store<\/strong> por 1500<\/span> <a title=\"coroas\" href=\"https:\/\/translate.googleusercontent.com\/translate_c?depth=1&amp;hl=pt-BR&amp;prev=search&amp;rurl=translate.google.com.br&amp;sl=en&amp;u=http:\/\/www.uesp.net\/wiki\/Online:Crown_Store&amp;usg=ALkJrhhUeNi-uFUC2DlnWgv5XXPMtYl8YQ\"><img decoding=\"async\" loading=\"lazy\" src=\"http:\/\/www.uesp.net\/w\/images\/thumb\/8\/8e\/ON-icon-store-Crowns.png\/20px-ON-icon-store-Crowns.png\" srcset=\"\/w\/images\/thumb\/8\/8e\/ON-icon-store-Crowns.png\/30px-ON-icon-store-Crowns.png 1.5x, \/w\/images\/8\/8e\/ON-icon-store-Crowns.png 2x\" alt=\"coroas\" width=\"20\" height=\"20\" \/><\/a><span class=\"notranslate\">. A<\/span><span class=\"notranslate\">\u00a0linha de habilidade \u00e9 desbloqueado imediatamente, no inicio n\u00e3o \u00e9 poss\u00edvel se alimentar para manter a forma, apenas depois de liberar a segunda habilidade passiva.<\/span> <span class=\"notranslate\">Nota: Se voc\u00ea comprar a Lycantropia\u00a0na\u00a0<\/span><span class=\"notranslate\"><strong>Crown Store<\/strong>, certifique-se que voc\u00ea est\u00e1 conectado com o Personagem \u00a0que deseja aplicar a mordida pois s\u00f3 \u00e9 poss\u00edvel infectar um \u00fanico personagem por vez usando o m\u00e9todo da\u00a0<strong>Crown Store.<\/strong><\/span><\/p>\n<h2 style=\"text-align: left;\"><strong>(Importante) Como\u00a0evoluir a transforma\u00e7\u00e3o rapidamente<\/strong><\/h2>\n<p style=\"text-align: left;\">Existe um &#8220;macete&#8221; para evoluir os n\u00edveis do lobisomem. Dentro da masmorra Campos da Ca\u00e7ada (Hunting Grounds), o local da miss\u00e3o\u00a0 dos lobisomens, a transforma\u00e7\u00e3o \u00e9 infinita, a dica \u00e9 ficar ali ap\u00f3s entregar a miss\u00e3o para Hircine e fazer uma rota para &#8220;grindar&#8221; as criaturas que existem l\u00e1 (leopardos, panteras, harpias e jacar\u00e9s). Em aproximadamente 1h30\u00a0d\u00e1 para pegar o n\u00edvel m\u00e1ximo de licantropia (o tempo de respawn dos mobs \u00e9 bom).<\/p>\n<p style=\"text-align: left;\"><span class=\"notranslate\"><strong>(Locais dos Santu\u00e1rios)<\/strong><\/span><\/p>\n<p><img decoding=\"async\" loading=\"lazy\" class=\"alignnone wp-image-2092 size-full\" src=\"https:\/\/www.universoeso.com.br\/wp-content\/uploads\/2016\/05\/4-1.jpg\" alt=\"\" width=\"810\" height=\"805\" srcset=\"https:\/\/www.universoeso.com.br\/wp-content\/uploads\/2016\/05\/4-1.jpg 810w, https:\/\/www.universoeso.com.br\/wp-content\/uploads\/2016\/05\/4-1-150x150.jpg 150w, https:\/\/www.universoeso.com.br\/wp-content\/uploads\/2016\/05\/4-1-300x298.jpg 300w, https:\/\/www.universoeso.com.br\/wp-content\/uploads\/2016\/05\/4-1-768x763.jpg 768w\" sizes=\"(max-width: 810px) 100vw, 810px\" \/> <img decoding=\"async\" loading=\"lazy\" class=\"alignnone wp-image-2093\" src=\"https:\/\/www.universoeso.com.br\/wp-content\/uploads\/2016\/05\/44.jpg\" alt=\"\" width=\"809\" height=\"826\" srcset=\"https:\/\/www.universoeso.com.br\/wp-content\/uploads\/2016\/05\/44.jpg 801w, https:\/\/www.universoeso.com.br\/wp-content\/uploads\/2016\/05\/44-294x300.jpg 294w, https:\/\/www.universoeso.com.br\/wp-content\/uploads\/2016\/05\/44-768x784.jpg 768w\" sizes=\"(max-width: 809px) 100vw, 809px\" \/> <img decoding=\"async\" loading=\"lazy\" class=\"alignnone size-full wp-image-2094\" src=\"https:\/\/www.universoeso.com.br\/wp-content\/uploads\/2016\/05\/444.jpg\" alt=\"\" width=\"808\" height=\"816\" srcset=\"https:\/\/www.universoeso.com.br\/wp-content\/uploads\/2016\/05\/444.jpg 808w, https:\/\/www.universoeso.com.br\/wp-content\/uploads\/2016\/05\/444-150x150.jpg 150w, https:\/\/www.universoeso.com.br\/wp-content\/uploads\/2016\/05\/444-297x300.jpg 297w, https:\/\/www.universoeso.com.br\/wp-content\/uploads\/2016\/05\/444-768x776.jpg 768w\" sizes=\"(max-width: 808px) 100vw, 808px\" \/><\/p>\n<h2 style=\"text-align: left;\"><strong>Como compartilhar\u00a0a maldi\u00e7\u00e3o<br \/>\n<\/strong><\/h2>\n<p style=\"text-align: left;\">Para voc\u00ea compartilhar\u00a0basta estar no <strong>Santu\u00e1rio <\/strong>\u00a0e se alimentar da carne do jogador, essa habilidade (Bloodmoon) s\u00f3 pode ser usada uma vez por semana.<\/p>\n<hr \/>\n<h2 style=\"text-align: left;\"><strong>Como Curar\u00a0a\u00a0Licantropia<\/strong><\/h2>\n<p style=\"text-align: left;\"><span class=\"notranslate\">Para curar a Lycantropia\u00a0procure<strong><span class=\"notranslate\" style=\"font-size: 16px;\">Prelado Sabinus nos santu\u00e1rios em Mournhold &#8211; Deshan\u00a0 (Ebonheart Pact), Wayrest &#8211; Stormhaven (Daggerfall Covenant), Elden Root &#8211; Grahtwood (Aldmeri Dominion).<\/span><\/strong><span class=\"notranslate\" style=\"font-size: 16px;\">Voc\u00ea ter\u00e1 que\u00a0doar uma pequena quantidade de ouro antes de ser curado.<\/span><\/span><\/p>\n","protected":false},"excerpt":{"rendered":"Esse \u00e9 um guia da Licantropia no The Elder Scrolls. Vamos te ensinar como adquirir a\u00a0maldi\u00e7\u00e3o, as vantagens de ser lobisomem, a localiza\u00e7\u00e3o \n<a class=\"moretag\" href=\"https:\/\/www.universoeso.com.br\/guia-lobisomem\/\"> [Leia mais]<\/a>","protected":false},"author":2,"featured_media":12593,"parent":0,"menu_order":0,"comment_status":"open","ping_status":"open","template":"","meta":[],"_links":{"self":[{"href":"https:\/\/www.universoeso.com.br\/index.php\/wp-json\/wp\/v2\/pages\/2042"}],"collection":[{"href":"https:\/\/www.universoeso.com.br\/index.php\/wp-json\/wp\/v2\/pages"}],"about":[{"href":"https:\/\/www.universoeso.com.br\/index.php\/wp-json\/wp\/v2\/types\/page"}],"author":[{"embeddable":true,"href":"https:\/\/www.universoeso.com.br\/index.php\/wp-json\/wp\/v2\/users\/2"}],"replies":[{"embeddable":true,"href":"https:\/\/www.universoeso.com.br\/index.php\/wp-json\/wp\/v2\/comments?post=2042"}],"version-history":[{"count":59,"href":"https:\/\/www.universoeso.com.br\/index.php\/wp-json\/wp\/v2\/pages\/2042\/revisions"}],"predecessor-version":[{"id":17658,"href":"https:\/\/www.universoeso.com.br\/index.php\/wp-json\/wp\/v2\/pages\/2042\/revisions\/17658"}],"wp:featuredmedia":[{"embeddable":true,"href":"https:\/\/www.universoeso.com.br\/index.php\/wp-json\/wp\/v2\/media\/12593"}],"wp:attachment":[{"href":"https:\/\/www.universoeso.com.br\/index.php\/wp-json\/wp\/v2\/media?parent=2042"}],"curies":[{"name":"wp","href":"https:\/\/api.w.org\/{rel}","templated":true}]}}