{"id":1817,"date":"2018-08-15T22:13:41","date_gmt":"2018-08-16T01:13:41","guid":{"rendered":"http:\/\/www.universoeso.com.br\/?p=1817"},"modified":"2021-04-09T02:24:15","modified_gmt":"2021-04-09T05:24:15","slug":"guia-vampirismo","status":"publish","type":"page","link":"https:\/\/www.universoeso.com.br\/guia-vampiro\/","title":{"rendered":"Guia do Vampiro &#8211; The Elder Scrolls Online"},"content":{"rendered":"<p>Esse \u00e9 um guia do Vampirismo no The Elder Scrolls. Vamos te ensinar como adquirir a\u00a0maldi\u00e7\u00e3o, as vantagens de ser vampiro, a localiza\u00e7\u00e3o dos santu\u00e1rios vamp\u00edricos e mais.<\/p>\n<p><!--more--><\/p>\n<p><iframe loading=\"lazy\"  id=\"_ytid_60029\"  width=\"747\" height=\"420\"  data-origwidth=\"747\" data-origheight=\"420\" src=\"https:\/\/www.youtube.com\/embed\/h6JKcrX_7gc?enablejsapi=1&#038;autoplay=0&#038;cc_load_policy=0&#038;cc_lang_pref=&#038;iv_load_policy=1&#038;loop=0&#038;modestbranding=0&#038;rel=1&#038;fs=1&#038;playsinline=0&#038;autohide=2&#038;theme=dark&#038;color=red&#038;controls=1&#038;\" class=\"__youtube_prefs__  epyt-is-override  no-lazyload\" title=\"YouTube player\"  allow=\"accelerometer; autoplay; clipboard-write; encrypted-media; gyroscope; picture-in-picture\" allowfullscreen data-no-lazy=\"1\" data-skipgform_ajax_framebjll=\"\"><\/iframe><\/p>\n<hr \/>\n<h2><strong>Vantagens de ser Vampiro<\/strong><\/h2>\n<ul>\n<li>Habilidades \u00fanicas que podem ser mescladas com suas habilidades<\/li>\n<li>Capacidade de se mover r\u00e1pido em modo furtivo<\/li>\n<li>Forma de n\u00e9voa que permite fugir de lutas com facilidade<\/li>\n<li>Capacidade de ficar invis\u00edvel ao correr do combate<\/li>\n<li>Redu\u00e7\u00e3o de dano sofrido quando estiver com vida baixa<\/li>\n<\/ul>\n<h2><strong>Desvantagens<\/strong><\/h2>\n<ul>\n<li>Fraqueza a Fogo<\/li>\n<li>Suas Habilidades consomem Magicka e Vida<\/li>\n<li>Quanto maior o\u00a0est\u00e1gio de vampirismo menor ser\u00e1 sua regenera\u00e7\u00e3o de vida caindo at\u00e9 75% a menos (por\u00e9m menor ser\u00e1 o custo de suas habilidades de vampiro, inclusive Ultimate)<\/li>\n<\/ul>\n<p>Uma ra\u00e7a bastante recomendada para ser Vampiro \u00e9 o Elfo Negro, que possui resist\u00eancia passiva na ra\u00e7a, reduzindo o dano sofrido por fogo em at\u00e9 3% e n\u00e3o sofrendo o efeito de Queima causado por habilidades com esse elemento.<\/p>\n<h2 style=\"text-align: left;\"><strong>Est\u00e1gios de Vampirismo<\/strong><\/h2>\n<p>\u00c9 importante ver o est\u00e1gio de vampirismo do qual voc\u00ea necessita, cada est\u00e1gio ir\u00e1 te proporcionar uma habilidade passiva e uma penalidade.<\/p>\n<p><span class=\"notranslate\">Quando seu <strong>est\u00e1gio<\/strong> de vampirismo est\u00e1 alto\u00a0\u00e9 hora de se alimentar &#8211; a menos, \u00e9 claro, que voc\u00ea queira ficar em um est\u00e1gio mais elevado.<\/span><br \/>\n<span class=\"notranslate\">Para se alimentar voc\u00ea deve localizar uma criatura <strong>humanoide,<\/strong><\/span>\u00a0v<span class=\"notranslate\">oc\u00ea \u00a0tamb\u00e9m pode se alimentar de jogadores no PvP.<\/span><span class=\"notranslate\"><br \/>\n<\/span> <span class=\"notranslate\">A alimenta\u00e7\u00e3o \u00e9 um processo simples,<\/span>\u00a0fique em<span class=\"notranslate\">\u00a0posi\u00e7\u00e3o <strong>Sneaking\/Steath<\/strong> (furtivo) atr\u00e1s de seu alvo irar aparecer uma mensagem permitindo a a\u00e7\u00e3o de se alimentar.<\/span><\/p>\n<p>O est\u00e1gio do Vampiro dura cerca de 6h, ap\u00f3s isso o est\u00e1gio ir\u00e1 decair at\u00e9 o 1. Se alimentar como um vampiro ir\u00e1 aumentar seu est\u00e1gio at\u00e9 o 4.<\/p>\n<hr \/>\n<h2 style=\"text-align: left;\"><strong>Como se Tornar Vampiro<\/strong><\/h2>\n<p>Voc\u00ea pode contrair <strong>Noxiphilic Sanguivoria<\/strong> dos\u00a0<strong>Bloodfiends <\/strong>ou pode ser mordido por um jogador vampiro em um\u00a0<strong>Santu\u00e1rio.<\/strong><\/p>\n<p><span class=\"notranslate\">Os <strong>Bloodfiends<\/strong> s\u00f3 aparecem durante algumas\u00a0noites, espalhados em\u00a0mapas\u00a0de cada fac\u00e7\u00e3o:<strong> Bangkorai<\/strong> para <strong>Daggerfall<\/strong> , <strong>The<\/strong>\u00a0<strong>Rift<\/strong> para<strong>\u00a0Ebonheart<\/strong> e <strong>\u00a0Reaper&#8217;s March<\/strong> para <strong>Aldmeri Dominion<\/strong>.<br \/>\n<\/span><\/p>\n<p><span class=\"notranslate\">N\u00e3o \u00e9 necess\u00e1rio matar o<strong>\u00a0Bloodfiends<\/strong>,<\/span>\u00a0<span class=\"notranslate\">uma vez mordido voc\u00ea pode fugir permitindo<\/span>\u00a0outros jogadores contraiam a doen\u00e7a do mesmo inimigo.<\/p>\n<p><span class=\"notranslate\">Depois de ter contra\u00eddo a doen\u00e7a, voc\u00ea deve completar a miss\u00e3o: <\/span><\/p>\n<p><span class=\"notranslate\"><strong>Scion of the Blood Matro<\/strong><\/span><span class=\"notranslate\">.<\/span>\u00a0<span class=\"notranslate\">Voc\u00ea tem at\u00e9 \u00a07 dias para completar esta miss\u00e3o.<br \/>\nA <i>Maldi\u00e7\u00e3o do Vampirismo<\/i> tamb\u00e9m pode ser comprada a partir da<strong>\u00a0Crown<\/strong>\u00a0<strong>Store<\/strong> por 1500<\/span> <a title=\"coroas\" href=\"https:\/\/translate.googleusercontent.com\/translate_c?depth=1&amp;hl=pt-BR&amp;prev=search&amp;rurl=translate.google.com.br&amp;sl=en&amp;u=http:\/\/www.uesp.net\/wiki\/Online:Crown_Store&amp;usg=ALkJrhhUeNi-uFUC2DlnWgv5XXPMtYl8YQ\"><img decoding=\"async\" loading=\"lazy\" src=\"http:\/\/www.uesp.net\/w\/images\/thumb\/8\/8e\/ON-icon-store-Crowns.png\/20px-ON-icon-store-Crowns.png\" srcset=\"\/w\/images\/thumb\/8\/8e\/ON-icon-store-Crowns.png\/30px-ON-icon-store-Crowns.png 1.5x, \/w\/images\/8\/8e\/ON-icon-store-Crowns.png 2x\" alt=\"coroas\" width=\"20\" height=\"20\" \/><\/a><span class=\"notranslate\">. O<\/span><span class=\"notranslate\">\u00a0est\u00e1gio inicial da doen\u00e7a \u00e9 ignorado e a linha de habilidade \u00e9 desbloqueado imediatamente.<\/span> <span class=\"notranslate\">Nota: Se voc\u00ea comprar uma mordida de vampiro na\u00a0<\/span><span class=\"notranslate\"><strong>Crown Store<\/strong>, certifique-se de estar\u00a0conectado com o Personagem \u00a0que voc\u00ea deseja aplicar a mordida pois s\u00f3 \u00e9 poss\u00edvel infectar um \u00fanico personagem usando o m\u00e9todo da\u00a0<strong>Crown Store<\/strong>\u00a0por compra.<strong><br \/>\n<\/strong><\/span><\/p>\n<h4>(Locais dos Santu\u00e1rios)<\/h4>\n<p><img decoding=\"async\" loading=\"lazy\" class=\"alignnone size-full wp-image-1912\" src=\"https:\/\/www.universoeso.com.br\/wp-content\/uploads\/2016\/05\/vl2.jpg\" alt=\"\" width=\"809\" height=\"812\" srcset=\"https:\/\/www.universoeso.com.br\/wp-content\/uploads\/2016\/05\/vl2.jpg 809w, https:\/\/www.universoeso.com.br\/wp-content\/uploads\/2016\/05\/vl2-150x150.jpg 150w, https:\/\/www.universoeso.com.br\/wp-content\/uploads\/2016\/05\/vl2-300x300.jpg 300w, https:\/\/www.universoeso.com.br\/wp-content\/uploads\/2016\/05\/vl2-768x771.jpg 768w\" sizes=\"(max-width: 809px) 100vw, 809px\" \/> <img decoding=\"async\" loading=\"lazy\" class=\"alignnone wp-image-1913\" src=\"https:\/\/www.universoeso.com.br\/wp-content\/uploads\/2016\/05\/vl3.jpg\" alt=\"\" width=\"808\" height=\"802\" srcset=\"https:\/\/www.universoeso.com.br\/wp-content\/uploads\/2016\/05\/vl3.jpg 818w, https:\/\/www.universoeso.com.br\/wp-content\/uploads\/2016\/05\/vl3-150x150.jpg 150w, https:\/\/www.universoeso.com.br\/wp-content\/uploads\/2016\/05\/vl3-300x298.jpg 300w, https:\/\/www.universoeso.com.br\/wp-content\/uploads\/2016\/05\/vl3-768x762.jpg 768w\" sizes=\"(max-width: 808px) 100vw, 808px\" \/> <img decoding=\"async\" loading=\"lazy\" class=\"alignnone size-full wp-image-1911\" src=\"https:\/\/www.universoeso.com.br\/wp-content\/uploads\/2016\/05\/vl1.jpg\" alt=\"\" width=\"807\" height=\"813\" srcset=\"https:\/\/www.universoeso.com.br\/wp-content\/uploads\/2016\/05\/vl1.jpg 807w, https:\/\/www.universoeso.com.br\/wp-content\/uploads\/2016\/05\/vl1-150x150.jpg 150w, https:\/\/www.universoeso.com.br\/wp-content\/uploads\/2016\/05\/vl1-298x300.jpg 298w, https:\/\/www.universoeso.com.br\/wp-content\/uploads\/2016\/05\/vl1-768x774.jpg 768w\" sizes=\"(max-width: 807px) 100vw, 807px\" \/><\/p>\n<h2><strong>Como\u00a0compartilhar a maldi\u00e7\u00e3o<\/strong><\/h2>\n<p style=\"text-align: left;\">Para voc\u00ea passar o Vampirismo basta est\u00e1 no <strong>Santu\u00e1rio <\/strong>\u00a0e se alimentar do sangue de algum jogador,\u00a0por\u00e9m essa habilidade (Blood Ritual) s\u00f3 permite compartilhar o vampirismo\u00a0a cada 7 dias.<\/p>\n<hr \/>\n<h2 style=\"text-align: left;\"><strong>Como Curar o Vampirismo<\/strong><\/h2>\n<p><span class=\"notranslate\">Para curar\u00a0<\/span><span class=\"notranslate\" style=\"font-size: 16px;\">o seu vampirismo procure<strong>\u00a0Prelado Sabinus<\/strong> nos santu\u00e1rios em<strong> Mournhold &#8211; Deshan\u00a0 (Ebonheart Pact)<\/strong>, <strong>Wayrest &#8211; Stormhaven (Daggerfall Covenant)<\/strong>,<strong> Elden Root &#8211; Grahtwood (Aldmeri Dominion)<\/strong>.<\/span> <span class=\"notranslate\" style=\"font-size: 16px;\">Voc\u00ea ter\u00e1 que\u00a0doar uma pequena quantidade de ouro antes de ser curado.<\/span><\/p>\n","protected":false},"excerpt":{"rendered":"Esse \u00e9 um guia do Vampirismo no The Elder Scrolls. Vamos te ensinar como adquirir a\u00a0maldi\u00e7\u00e3o, as vantagens de ser vampiro, a localiza\u00e7\u00e3o \n<a class=\"moretag\" href=\"https:\/\/www.universoeso.com.br\/guia-vampiro\/\"> [Leia mais]<\/a>","protected":false},"author":2,"featured_media":12591,"parent":0,"menu_order":0,"comment_status":"open","ping_status":"open","template":"","meta":[],"_links":{"self":[{"href":"https:\/\/www.universoeso.com.br\/index.php\/wp-json\/wp\/v2\/pages\/1817"}],"collection":[{"href":"https:\/\/www.universoeso.com.br\/index.php\/wp-json\/wp\/v2\/pages"}],"about":[{"href":"https:\/\/www.universoeso.com.br\/index.php\/wp-json\/wp\/v2\/types\/page"}],"author":[{"embeddable":true,"href":"https:\/\/www.universoeso.com.br\/index.php\/wp-json\/wp\/v2\/users\/2"}],"replies":[{"embeddable":true,"href":"https:\/\/www.universoeso.com.br\/index.php\/wp-json\/wp\/v2\/comments?post=1817"}],"version-history":[{"count":97,"href":"https:\/\/www.universoeso.com.br\/index.php\/wp-json\/wp\/v2\/pages\/1817\/revisions"}],"predecessor-version":[{"id":17657,"href":"https:\/\/www.universoeso.com.br\/index.php\/wp-json\/wp\/v2\/pages\/1817\/revisions\/17657"}],"wp:featuredmedia":[{"embeddable":true,"href":"https:\/\/www.universoeso.com.br\/index.php\/wp-json\/wp\/v2\/media\/12591"}],"wp:attachment":[{"href":"https:\/\/www.universoeso.com.br\/index.php\/wp-json\/wp\/v2\/media?parent=1817"}],"curies":[{"name":"wp","href":"https:\/\/api.w.org\/{rel}","templated":true}]}}