{"id":18146,"date":"2021-04-17T04:43:43","date_gmt":"2021-04-17T07:43:43","guid":{"rendered":"https:\/\/www.universoeso.com.br\/?page_id=18146"},"modified":"2021-04-17T05:17:45","modified_gmt":"2021-04-17T08:17:45","slug":"melhores-locais-para-grindar-no-eso","status":"publish","type":"page","link":"https:\/\/www.universoeso.com.br\/locais-grind","title":{"rendered":"Melhores locais para grindar no ESO"},"content":{"rendered":"\t\t<div data-elementor-type=\"wp-page\" data-elementor-id=\"18146\" class=\"elementor elementor-18146\">\n\t\t\t\t\t\t\t\t\t<section class=\"elementor-section elementor-top-section elementor-element elementor-element-865ff5b elementor-section-boxed elementor-section-height-default elementor-section-height-default\" data-id=\"865ff5b\" data-element_type=\"section\">\n\t\t\t\t\t\t<div class=\"elementor-container elementor-column-gap-default\">\n\t\t\t\t\t<div class=\"elementor-column elementor-col-100 elementor-top-column elementor-element elementor-element-18263da\" data-id=\"18263da\" data-element_type=\"column\">\n\t\t\t<div class=\"elementor-widget-wrap elementor-element-populated\">\n\t\t\t\t\t\t\t\t<div class=\"elementor-element elementor-element-59dc6d8 elementor-widget elementor-widget-text-editor\" data-id=\"59dc6d8\" data-element_type=\"widget\" data-widget_type=\"text-editor.default\">\n\t\t\t\t<div class=\"elementor-widget-container\">\n\t\t\t\t\t\t\t<p>Este \u00e9 um guia que mostrar\u00e1 todos os locais de grind dos mapas do jogo base, e voc\u00ea poder\u00e1 escolher o que mais gostar e evoluir nele at\u00e9 quando desejar.<\/p>\n<p style=\"text-align: center;\"><strong>Auridon<\/strong><\/p>\n<p><img decoding=\"async\" loading=\"lazy\" class=\"alignnone wp-image-18155 size-full\" src=\"https:\/\/www.universoeso.com.br\/wp-content\/uploads\/2021\/04\/auridon-grind.jpg\" alt=\"\" width=\"810\" height=\"812\" srcset=\"https:\/\/www.universoeso.com.br\/wp-content\/uploads\/2021\/04\/auridon-grind.jpg 810w, https:\/\/www.universoeso.com.br\/wp-content\/uploads\/2021\/04\/auridon-grind-300x300.jpg 300w, https:\/\/www.universoeso.com.br\/wp-content\/uploads\/2021\/04\/auridon-grind-150x150.jpg 150w, https:\/\/www.universoeso.com.br\/wp-content\/uploads\/2021\/04\/auridon-grind-768x770.jpg 768w\" sizes=\"(max-width: 810px) 100vw, 810px\" \/><\/p>\n<ul>\n<li>Z1 &#8211; Praia cheia de piratas, voc\u00ea pode rodar nela limpando suas hordas que d\u00e3o respawn rapidamente<\/li>\n<li>Z2 &#8211; Porto cheio de Marinheiros, outro local bastante cobi\u00e7ado com r\u00e1pido respawn de criaturas<\/li>\n<\/ul>\n<p style=\"text-align: center;\"><strong>Stonefalls<\/strong><\/p>\n<p><img decoding=\"async\" loading=\"lazy\" class=\"alignnone wp-image-18162 size-full\" src=\"https:\/\/www.universoeso.com.br\/wp-content\/uploads\/2021\/04\/stonefalls-grind.jpg\" alt=\"\" width=\"810\" height=\"810\" srcset=\"https:\/\/www.universoeso.com.br\/wp-content\/uploads\/2021\/04\/stonefalls-grind.jpg 810w, https:\/\/www.universoeso.com.br\/wp-content\/uploads\/2021\/04\/stonefalls-grind-300x300.jpg 300w, https:\/\/www.universoeso.com.br\/wp-content\/uploads\/2021\/04\/stonefalls-grind-150x150.jpg 150w, https:\/\/www.universoeso.com.br\/wp-content\/uploads\/2021\/04\/stonefalls-grind-768x768.jpg 768w\" sizes=\"(max-width: 810px) 100vw, 810px\" \/><\/p>\n<ul>\n<li>Esta regi\u00e3o est\u00e1 infestada de dreughs que ir\u00e3o reaparecer rapidamente quando morrerem<\/li>\n<\/ul>\n<p style=\"text-align: center;\"><strong>Alik&#8217;r Desert<\/strong><\/p>\n<p><img decoding=\"async\" loading=\"lazy\" class=\"alignnone wp-image-18154 size-full\" src=\"https:\/\/www.universoeso.com.br\/wp-content\/uploads\/2021\/04\/alikir-grind.jpg\" alt=\"\" width=\"809\" height=\"809\" srcset=\"https:\/\/www.universoeso.com.br\/wp-content\/uploads\/2021\/04\/alikir-grind.jpg 809w, https:\/\/www.universoeso.com.br\/wp-content\/uploads\/2021\/04\/alikir-grind-300x300.jpg 300w, https:\/\/www.universoeso.com.br\/wp-content\/uploads\/2021\/04\/alikir-grind-150x150.jpg 150w, https:\/\/www.universoeso.com.br\/wp-content\/uploads\/2021\/04\/alikir-grind-768x768.jpg 768w\" sizes=\"(max-width: 809px) 100vw, 809px\" \/><\/p>\n<ul>\n<li>A famosa necr\u00f3pole infestada de zumbis \u00e9 um antigo local conhecido por muitos jogadores, apesar de ser um \u00f3timo local com r\u00e1pido respawn, \u00e9 bastante cobi\u00e7ado e n\u00e3o \u00e9 recomendado em hor\u00e1rios de pico.<\/li>\n<\/ul>\n<p style=\"text-align: center;\"><strong>Deshaan<\/strong><\/p>\n<p><img decoding=\"async\" loading=\"lazy\" class=\"alignnone wp-image-18158 size-full\" src=\"https:\/\/www.universoeso.com.br\/wp-content\/uploads\/2021\/04\/deshaan-grind.jpg\" alt=\"\" width=\"810\" height=\"810\" srcset=\"https:\/\/www.universoeso.com.br\/wp-content\/uploads\/2021\/04\/deshaan-grind.jpg 810w, https:\/\/www.universoeso.com.br\/wp-content\/uploads\/2021\/04\/deshaan-grind-300x300.jpg 300w, https:\/\/www.universoeso.com.br\/wp-content\/uploads\/2021\/04\/deshaan-grind-150x150.jpg 150w, https:\/\/www.universoeso.com.br\/wp-content\/uploads\/2021\/04\/deshaan-grind-768x768.jpg 768w\" sizes=\"(max-width: 810px) 100vw, 810px\" \/><\/p>\n<ul>\n<li>Z1- Detalhes podem ser vistos neste <a href=\"https:\/\/youtu.be\/UGVUsTzBlCs\">v\u00eddeo<\/a>.<\/li>\n<li>Z2 &#8211; Uma cidade infestada de zumbis<\/li>\n<li>Z3 &#8211; Um porto cheio de piratas<\/li>\n<\/ul>\n<p style=\"text-align: center;\"><strong>Greenshade<\/strong><\/p>\n<p><img decoding=\"async\" loading=\"lazy\" class=\"alignnone wp-image-18159 size-full\" src=\"https:\/\/www.universoeso.com.br\/wp-content\/uploads\/2021\/04\/Greenshade-grind.jpg\" alt=\"\" width=\"812\" height=\"809\" srcset=\"https:\/\/www.universoeso.com.br\/wp-content\/uploads\/2021\/04\/Greenshade-grind.jpg 812w, https:\/\/www.universoeso.com.br\/wp-content\/uploads\/2021\/04\/Greenshade-grind-300x300.jpg 300w, https:\/\/www.universoeso.com.br\/wp-content\/uploads\/2021\/04\/Greenshade-grind-150x150.jpg 150w, https:\/\/www.universoeso.com.br\/wp-content\/uploads\/2021\/04\/Greenshade-grind-768x765.jpg 768w\" sizes=\"(max-width: 812px) 100vw, 812px\" \/><\/p>\n<ul>\n<li>V\u00e1rios elfos da floresta raivosos est\u00e3o em torno de uma grande \u00e1rvore e podem ser mortos em grupos<\/li>\n<\/ul>\n<p style=\"text-align: center;\"><strong>The Rift<\/strong><\/p>\n<p><img decoding=\"async\" loading=\"lazy\" class=\"alignnone wp-image-18160 size-full\" src=\"https:\/\/www.universoeso.com.br\/wp-content\/uploads\/2021\/04\/rift-grind.jpg\" alt=\"\" width=\"810\" height=\"810\" srcset=\"https:\/\/www.universoeso.com.br\/wp-content\/uploads\/2021\/04\/rift-grind.jpg 810w, https:\/\/www.universoeso.com.br\/wp-content\/uploads\/2021\/04\/rift-grind-300x300.jpg 300w, https:\/\/www.universoeso.com.br\/wp-content\/uploads\/2021\/04\/rift-grind-150x150.jpg 150w, https:\/\/www.universoeso.com.br\/wp-content\/uploads\/2021\/04\/rift-grind-768x768.jpg 768w\" sizes=\"(max-width: 810px) 100vw, 810px\" \/><\/p>\n<ul>\n<li>Z1 &#8211; Este local \u00e9 comentado no <a href=\"https:\/\/www.universoeso.com.br\/gold\">Guia de Gold<\/a><\/li>\n<li>Z2 &#8211; Local cheio de zumbis que d\u00e3o respawn muito r\u00e1pido<\/li>\n<\/ul>\n<p style=\"text-align: center;\"><strong>Bankorai<\/strong><\/p>\n<p><img decoding=\"async\" loading=\"lazy\" class=\"alignnone wp-image-18156 size-full\" src=\"https:\/\/www.universoeso.com.br\/wp-content\/uploads\/2021\/04\/bangkorai-grind.jpg\" alt=\"\" width=\"812\" height=\"812\" srcset=\"https:\/\/www.universoeso.com.br\/wp-content\/uploads\/2021\/04\/bangkorai-grind.jpg 812w, https:\/\/www.universoeso.com.br\/wp-content\/uploads\/2021\/04\/bangkorai-grind-300x300.jpg 300w, https:\/\/www.universoeso.com.br\/wp-content\/uploads\/2021\/04\/bangkorai-grind-150x150.jpg 150w, https:\/\/www.universoeso.com.br\/wp-content\/uploads\/2021\/04\/bangkorai-grind-768x768.jpg 768w\" sizes=\"(max-width: 812px) 100vw, 812px\" \/><\/p>\n<ul>\n<li>Z1 &#8211; Voc\u00ea ter\u00e1 um acampamento cheio de Lurchers e magos<\/li>\n<li>Z2 &#8211; V\u00e1rios ursos em torno de um lago, que al\u00e9m de te darem XP te conceder\u00e3o bastante couro<\/li>\n<\/ul>\n<p style=\"text-align: center;\"><strong>Shadowfen<\/strong><\/p>\n<p><img decoding=\"async\" loading=\"lazy\" class=\"alignnone wp-image-18161 size-full\" src=\"https:\/\/www.universoeso.com.br\/wp-content\/uploads\/2021\/04\/shadowfen-grind.jpg\" alt=\"\" width=\"810\" height=\"811\" srcset=\"https:\/\/www.universoeso.com.br\/wp-content\/uploads\/2021\/04\/shadowfen-grind.jpg 810w, https:\/\/www.universoeso.com.br\/wp-content\/uploads\/2021\/04\/shadowfen-grind-300x300.jpg 300w, https:\/\/www.universoeso.com.br\/wp-content\/uploads\/2021\/04\/shadowfen-grind-150x150.jpg 150w, https:\/\/www.universoeso.com.br\/wp-content\/uploads\/2021\/04\/shadowfen-grind-768x769.jpg 768w\" sizes=\"(max-width: 810px) 100vw, 810px\" \/><\/p>\n<ul>\n<li>Este porto est\u00e1 cheio de piratas que podem ser mortos em uma rota\u00e7\u00e3o constante<\/li>\n<\/ul>\n<p style=\"text-align: center;\"><strong>Coldharbour<\/strong><\/p>\n<p><img decoding=\"async\" loading=\"lazy\" class=\"alignnone wp-image-18163 size-full\" src=\"https:\/\/www.universoeso.com.br\/wp-content\/uploads\/2021\/04\/vampiros-grind.jpg\" alt=\"\" width=\"808\" height=\"812\" srcset=\"https:\/\/www.universoeso.com.br\/wp-content\/uploads\/2021\/04\/vampiros-grind.jpg 808w, https:\/\/www.universoeso.com.br\/wp-content\/uploads\/2021\/04\/vampiros-grind-300x300.jpg 300w, https:\/\/www.universoeso.com.br\/wp-content\/uploads\/2021\/04\/vampiros-grind-150x150.jpg 150w, https:\/\/www.universoeso.com.br\/wp-content\/uploads\/2021\/04\/vampiros-grind-768x772.jpg 768w\" sizes=\"(max-width: 808px) 100vw, 808px\" \/><\/p>\n<ul>\n<li>Esta regi\u00e3o s\u00f3 \u00e9 liberada no final da &#8220;Main Quest&#8221;, o local de grind fica dentro da Black Forge em torno de um lago de lava cheio de vampiros que podem ser mortos aos montes<\/li>\n<\/ul>\n<p style=\"text-align: center;\"><strong>Craglorn (Somente para jogadores de n\u00edvel alto)<\/strong><\/p>\n<p><img decoding=\"async\" loading=\"lazy\" class=\"alignnone wp-image-18157 size-full\" src=\"https:\/\/www.universoeso.com.br\/wp-content\/uploads\/2021\/04\/craglorn-grind.jpg\" alt=\"\" width=\"812\" height=\"812\" srcset=\"https:\/\/www.universoeso.com.br\/wp-content\/uploads\/2021\/04\/craglorn-grind.jpg 812w, https:\/\/www.universoeso.com.br\/wp-content\/uploads\/2021\/04\/craglorn-grind-300x300.jpg 300w, https:\/\/www.universoeso.com.br\/wp-content\/uploads\/2021\/04\/craglorn-grind-150x150.jpg 150w, https:\/\/www.universoeso.com.br\/wp-content\/uploads\/2021\/04\/craglorn-grind-768x768.jpg 768w\" sizes=\"(max-width: 812px) 100vw, 812px\" \/> Este mapa \u00e9 recomendado apenas para jogadores de n\u00edvel alto 50+, sendo:<\/p>\n<ul>\n<li>Spellscar comentada neste <a href=\"https:\/\/www.universoeso.com.br\/index.php\/2020\/08\/31\/grind-spellscar-claglorn\/\">guia<\/a><\/li>\n<li>Skyreach comentada neste <a href=\"https:\/\/www.universoeso.com.br\/index.php\/2017\/02\/05\/upar-leveis-o-melhor-local-e-as-melhores-builds-para-ele\/\">guia<\/a><\/li>\n<\/ul>\t\t\t\t\t\t<\/div>\n\t\t\t\t<\/div>\n\t\t\t\t<div class=\"elementor-element elementor-element-36d3efa elementor-widget elementor-widget-wp-widget-simple_author_box_widget_lite\" data-id=\"36d3efa\" data-element_type=\"widget\" data-widget_type=\"wp-widget-simple_author_box_widget_lite.default\">\n\t\t\t\t<div class=\"elementor-widget-container\">\n\t\t\t<h5>Sobre o Autor<\/h5><div class=\"saboxplugin-wrap\" itemtype=\"http:\/\/schema.org\/Person\" itemscope itemprop=\"author\"><div class=\"saboxplugin-tab\"><div class=\"saboxplugin-gravatar\"><img alt='Frooke' src='https:\/\/secure.gravatar.com\/avatar\/6baef3a8cbe432ac784739c48f76350d?s=100&#038;d=mm&#038;r=g' srcset='https:\/\/secure.gravatar.com\/avatar\/6baef3a8cbe432ac784739c48f76350d?s=200&#038;d=mm&#038;r=g 2x' class='avatar avatar-100 photo' height='100' width='100' itemprop=\"image\" loading='lazy' decoding='async'\/><\/div><div class=\"saboxplugin-authorname\"><a href=\"https:\/\/www.universoeso.com.br\/index.php\/author\/fabioadmin\/\" class=\"vcard author\" rel=\"author\"><span class=\"fn\">Frooke<\/span><\/a><\/div><div class=\"saboxplugin-desc\"><div itemprop=\"description\"><p>Mestre Frooke \u00e9 o dono do site e l\u00edder do projeto ESOBR. Amante da saga The Elder Scrolls e grande conhecedor do Lore, possuindo uma longa jornada em MMOs como WoW, Tibia, Diablo, entre outros. Est\u00e1 sempre ativo criando Builds e Guias de tudo relacionado ao ESO! Especialista na maioria das classes, especialmente em Nightblade e f\u00e3 de uma boa luta. Atua como programador e \u00e9 ex m\u00fasico profissional.<\/p>\n<\/div><\/div><div class=\"clearfix\"><\/div><div class=\"saboxplugin-socials sabox-colored\"><a title=\"Facebook\" target=\"_blank\" href=\"https:\/\/www.facebook.com\/universoeso\/\" rel=\"nofollow noopener\" class=\"saboxplugin-icon-color\"><svg class=\"sab-facebook\" viewBox=\"0 0 500 500.7\" xml:space=\"preserve\" xmlns=\"http:\/\/www.w3.org\/2000\/svg\"><rect class=\"st0\" x=\"-.3\" y=\".3\" width=\"500\" height=\"500\" fill=\"#3b5998\" \/><polygon class=\"st1\" points=\"499.7 292.6 499.7 500.3 331.4 500.3 219.8 388.7 221.6 385.3 223.7 308.6 178.3 264.9 219.7 233.9 249.7 138.6 321.1 113.9\" \/><path class=\"st2\" d=\"M219.8,388.7V264.9h-41.5v-49.2h41.5V177c0-42.1,25.7-65,63.3-65c18,0,33.5,1.4,38,1.9v44H295  c-20.4,0-24.4,9.7-24.4,24v33.9h46.1l-6.3,49.2h-39.8v123.8\" \/><\/svg><\/span><\/a><a title=\"Twitter\" target=\"_blank\" href=\"https:\/\/twitter.com\/Mestre_Frooke\" rel=\"nofollow noopener\" class=\"saboxplugin-icon-color\"><svg class=\"sab-twitter\" viewBox=\"0 0 500 500.7\" xml:space=\"preserve\" xmlns=\"http:\/\/www.w3.org\/2000\/svg\"><rect class=\"st0\" x=\".5\" y=\".2\" width=\"500\" height=\"500\" fill=\"#1da1f2\" \/><polygon class=\"st1\" points=\"500.5 252.8 500.5 500.2 266.9 500.2 107 340.3 125 344.6 148.7 342.6 184.7 341.6 157.9 302.5 177.3 303.6 157.3 295.9 160.7 283.3 137.8 259.8 231 234.3 386 138\" \/><path class=\"st2\" d=\"m364.5 191.7c0.2 2.5 0.2 5.1 0.2 7.6 0 77.8-59.2 167.4-167.4 167.4-33.3 0-64.3-9.7-90.3-26.4 4.7 0.5 9.3 0.7 14.2 0.7 27.5 0 52.8-9.3 73-25.1-25.9-0.5-47.5-17.5-55-40.8 3.6 0.5 7.3 0.9 11.1 0.9 5.3 0 10.6-0.7 15.5-2-27-5.5-47.2-29.1-47.2-57.7v-0.7c7.8 4.4 16.9 7.1 26.6 7.5-15.8-10.6-26.2-28.6-26.2-49 0-10.9 2.9-20.9 8-29.7 29 35.7 72.5 59 121.3 61.6-0.9-4.4-1.5-8.9-1.5-13.5 0-32.4 26.2-58.8 58.8-58.8 16.9 0 32.2 7.1 43 18.6 13.3-2.5 26-7.5 37.3-14.2-4.4 13.7-13.7 25.1-25.9 32.4 11.8-1.3 23.3-4.6 33.9-9.1-7.9 11.6-17.9 21.9-29.4 30.3z\" \/><\/svg><\/span><\/a><a title=\"Youtube\" target=\"_blank\" href=\"http:\/\/www.youtube.com\/mestrefrooke\" rel=\"nofollow noopener\" class=\"saboxplugin-icon-color\"><svg class=\"sab-youtube\" viewBox=\"0 0 500 500.7\" xml:space=\"preserve\" xmlns=\"http:\/\/www.w3.org\/2000\/svg\"><rect class=\"st0\" x=\".4\" y=\"-.3\" width=\"500\" height=\"500\" fill=\"#ff0000\" \/><polygon class=\"st1\" points=\"500.4 311.3 500.4 499.7 311.8 499.7 139.5 326.7 205 196.6 360.9 172.5\" \/><path class=\"st2\" d=\"m371.3 188.8c-2.9-10.9-11.4-19.5-22.3-22.4-19.7-5.3-98.6-5.3-98.6-5.3s-78.9 0-98.6 5.3c-10.9 2.9-19.4 11.5-22.3 22.4-5.3 19.8-5.3 61.1-5.3 61.1s0 41.3 5.3 61.1c2.9 10.9 11.4 19.2 22.3 22.1 19.7 5.3 98.6 5.3 98.6 5.3s78.9 0 98.6-5.3c10.9-2.9 19.4-11.2 22.3-22.1 5.3-19.8 5.3-61.1 5.3-61.1s0-41.3-5.3-61.1zm-146.7 98.6v-75l65.9 37.5-65.9 37.5z\" \/><\/svg><\/span><\/a><a title=\"Twitch\" target=\"_blank\" href=\"http:\/\/twitch.tv\/mestrefrooke\" rel=\"nofollow noopener\" class=\"saboxplugin-icon-color\"><svg class=\"sab-twitch\" viewBox=\"0 0 500 500.7\" xml:space=\"preserve\" xmlns=\"http:\/\/www.w3.org\/2000\/svg\"><rect class=\"st0\" x=\"-.2\" y=\".4\" width=\"500\" height=\"500\" fill=\"#6441a5\" \/><polygon class=\"st1\" points=\"499.8 247.3 499.8 500.4 283 500.4 135.5 351.6 162 142.3 324 138.3 380.2 128\" \/><path class=\"st2\" d=\"m152.7 128l-17.2 44v179.7h61.2v32.5h34.4l32.5-32.5h49.7l66.9-66.9v-156.8h-227.5zm204.6 145.3l-38.3 38.2h-61.2l-32.4 32.5v-32.5h-51.6v-160.6h183.5v122.4zm-38.3-78.4v66.8h-22.9v-66.8h22.9zm-61.1 0v66.8h-22.9v-66.8h22.9z\" \/><\/svg><\/span><\/a><a title=\"Instagram\" target=\"_blank\" href=\"http:\/\/instagram.com\/fabio.rooke\" rel=\"nofollow noopener\" class=\"saboxplugin-icon-color\"><svg class=\"sab-instagram\" viewBox=\"0 0 500 500.7\" xml:space=\"preserve\" xmlns=\"http:\/\/www.w3.org\/2000\/svg\"><rect class=\"st0\" x=\".7\" y=\"-.2\" width=\"500\" height=\"500\" fill=\"#405de6\" \/><polygon class=\"st1\" points=\"500.7 300.6 500.7 499.8 302.3 499.8 143 339.3 143 192.3 152.2 165.3 167 151.2 200 143.3 270 138.3 350.5 150\" \/><path class=\"st2\" d=\"m250.7 188.2c-34.1 0-61.6 27.5-61.6 61.6s27.5 61.6 61.6 61.6 61.6-27.5 61.6-61.6-27.5-61.6-61.6-61.6zm0 101.6c-22 0-40-17.9-40-40s17.9-40 40-40 40 17.9 40 40-17.9 40-40 40zm78.5-104.1c0 8-6.4 14.4-14.4 14.4s-14.4-6.4-14.4-14.4c0-7.9 6.4-14.4 14.4-14.4 7.9 0.1 14.4 6.5 14.4 14.4zm40.7 14.6c-0.9-19.2-5.3-36.3-19.4-50.3-14-14-31.1-18.4-50.3-19.4-19.8-1.1-79.2-1.1-99.1 0-19.2 0.9-36.2 5.3-50.3 19.3s-18.4 31.1-19.4 50.3c-1.1 19.8-1.1 79.2 0 99.1 0.9 19.2 5.3 36.3 19.4 50.3s31.1 18.4 50.3 19.4c19.8 1.1 79.2 1.1 99.1 0 19.2-0.9 36.3-5.3 50.3-19.4 14-14 18.4-31.1 19.4-50.3 1.2-19.8 1.2-79.2 0-99zm-25.6 120.3c-4.2 10.5-12.3 18.6-22.8 22.8-15.8 6.3-53.3 4.8-70.8 4.8s-55 1.4-70.8-4.8c-10.5-4.2-18.6-12.3-22.8-22.8-6.3-15.8-4.8-53.3-4.8-70.8s-1.4-55 4.8-70.8c4.2-10.5 12.3-18.6 22.8-22.8 15.8-6.3 53.3-4.8 70.8-4.8s55-1.4 70.8 4.8c10.5 4.2 18.6 12.3 22.8 22.8 6.3 15.8 4.8 53.3 4.8 70.8s1.5 55-4.8 70.8z\" \/><\/svg><\/span><\/a><\/div><\/div><\/div>\t\t<\/div>\n\t\t\t\t<\/div>\n\t\t\t\t\t<\/div>\n\t\t<\/div>\n\t\t\t\t\t\t\t<\/div>\n\t\t<\/section>\n\t\t\t\t\t\t\t<\/div>\n\t\t","protected":false},"excerpt":{"rendered":"Este \u00e9 um guia que mostrar\u00e1 todos os locais de grind dos mapas do jogo base, e voc\u00ea poder\u00e1 escolher o que mais \n<a class=\"moretag\" href=\"https:\/\/www.universoeso.com.br\/locais-grind\"> [Leia mais]<\/a>","protected":false},"author":2,"featured_media":0,"parent":0,"menu_order":0,"comment_status":"closed","ping_status":"closed","template":"","meta":[],"_links":{"self":[{"href":"https:\/\/www.universoeso.com.br\/index.php\/wp-json\/wp\/v2\/pages\/18146"}],"collection":[{"href":"https:\/\/www.universoeso.com.br\/index.php\/wp-json\/wp\/v2\/pages"}],"about":[{"href":"https:\/\/www.universoeso.com.br\/index.php\/wp-json\/wp\/v2\/types\/page"}],"author":[{"embeddable":true,"href":"https:\/\/www.universoeso.com.br\/index.php\/wp-json\/wp\/v2\/users\/2"}],"replies":[{"embeddable":true,"href":"https:\/\/www.universoeso.com.br\/index.php\/wp-json\/wp\/v2\/comments?post=18146"}],"version-history":[{"count":7,"href":"https:\/\/www.universoeso.com.br\/index.php\/wp-json\/wp\/v2\/pages\/18146\/revisions"}],"predecessor-version":[{"id":18179,"href":"https:\/\/www.universoeso.com.br\/index.php\/wp-json\/wp\/v2\/pages\/18146\/revisions\/18179"}],"wp:attachment":[{"href":"https:\/\/www.universoeso.com.br\/index.php\/wp-json\/wp\/v2\/media?parent=18146"}],"curies":[{"name":"wp","href":"https:\/\/api.w.org\/{rel}","templated":true}]}}