{"id":18035,"date":"2021-04-15T18:07:14","date_gmt":"2021-04-15T21:07:14","guid":{"rendered":"https:\/\/www.universoeso.com.br\/?page_id=18035"},"modified":"2021-04-16T22:31:24","modified_gmt":"2021-04-17T01:31:24","slug":"endeavors-premios-por-empenho-do-jogador","status":"publish","type":"page","link":"https:\/\/www.universoeso.com.br\/endeavors","title":{"rendered":"Endeavors (Pr\u00eamios por Empenho do Jogador)"},"content":{"rendered":"\t\t<div data-elementor-type=\"wp-page\" data-elementor-id=\"18035\" class=\"elementor elementor-18035\">\n\t\t\t\t\t\t\t\t\t<section class=\"elementor-section elementor-top-section elementor-element elementor-element-1d4f79e1 elementor-section-boxed elementor-section-height-default elementor-section-height-default\" data-id=\"1d4f79e1\" data-element_type=\"section\">\n\t\t\t\t\t\t<div class=\"elementor-container elementor-column-gap-default\">\n\t\t\t\t\t<div class=\"elementor-column elementor-col-100 elementor-top-column elementor-element elementor-element-78211cc0\" data-id=\"78211cc0\" data-element_type=\"column\">\n\t\t\t<div class=\"elementor-widget-wrap elementor-element-populated\">\n\t\t\t\t\t\t\t\t<div class=\"elementor-element elementor-element-a9ef08b elementor-widget elementor-widget-image\" data-id=\"a9ef08b\" data-element_type=\"widget\" data-widget_type=\"image.default\">\n\t\t\t\t<div class=\"elementor-widget-container\">\n\t\t\t\t\t\t\t\t\t\t\t\t\t\t\t<img decoding=\"async\" width=\"719\" height=\"356\" src=\"https:\/\/www.universoeso.com.br\/wp-content\/uploads\/2021\/04\/sistema-novo-blackwood.jpg\" class=\"attachment-large size-large wp-image-18062\" alt=\"\" loading=\"lazy\" srcset=\"https:\/\/www.universoeso.com.br\/wp-content\/uploads\/2021\/04\/sistema-novo-blackwood.jpg 719w, https:\/\/www.universoeso.com.br\/wp-content\/uploads\/2021\/04\/sistema-novo-blackwood-300x149.jpg 300w\" sizes=\"(max-width: 719px) 100vw, 719px\" \/>\t\t\t\t\t\t\t\t\t\t\t\t\t\t\t<\/div>\n\t\t\t\t<\/div>\n\t\t\t\t<div class=\"elementor-element elementor-element-1126fd1a elementor-widget elementor-widget-text-editor\" data-id=\"1126fd1a\" data-element_type=\"widget\" data-widget_type=\"text-editor.default\">\n\t\t\t\t<div class=\"elementor-widget-container\">\n\t\t\t\t\t\t\t<div id=\"text_block1\" class=\"text_block is-pa\" data-pip-on=\"\" data-pip-label=\"\"><div class=\"col-xs-12 col-sm-12 col-md-12 col-lg-12 col-md-offset-0 col-lg-offset-0 article-override\"><p>Como parte do Update 30 que sair\u00e1 no meio de Jun\/21, o novo sistema de Endeavors que dar\u00e1 aos jogadores a oportunidade de conseguir itens de Caixas de Crown.<\/p><p>Este novo sistema de &#8220;Recompensas por Esfor\u00e7os&#8221; do jogador, vir\u00e1 como parte do conte\u00fado do jogo base. Com este novo sistema voc\u00ea poder\u00e1 completar tarefas di\u00e1rias e semanais conhecidas como &#8220;Endeavors&#8221;, onde voc\u00ea pode conseguir, al\u00e9m do Ouro e Experi\u00eancia, os conhecidos &#8220;Seals of Endeavor&#8221;.<\/p><p>Este sistema ir\u00e1 funcionar da seguinte maneira: Quando voc\u00ea conecta no jogo, voc\u00ea ir\u00e1 automaticamente receber v\u00e1rias miss\u00f5es di\u00e1rias e semanais de Endeavors, que ir\u00e3o solicitar que voc\u00ea realize diversas tarefas, como:<\/p><ul><li>Roubar ou Bater Carteira<\/li><li>Completar Miss\u00f5es<\/li><li>Derrotar inimigos usando habilidades de Classe ou Arma<\/li><li>Vender itens para vendedores<\/li><li>Fabricar tipos diferentes de itens<\/li><li>Derrotar tipos diferentes de monstros<\/li><li>Colher nodos de recursos<\/li><li>E muito mais!<\/li><\/ul><p>Estas s\u00e3o apenas algumas das atividades que voc\u00ea pode ser solicitado a fazer para completar seus &#8220;esfor\u00e7os&#8221;. Frequentemente, ser\u00e3o coisas que voc\u00ea j\u00e1 costuma fazer em suas aventuras no ESO.<\/p><\/div><p style=\"text-align: left;\">O n\u00famero de Endeavors di\u00e1rios ou semanais que voc\u00ea pode concluir a cada dia ou semana ir\u00e1 variar, ent\u00e3o certifique-se de verificar qual \u00e9 o limite atual e descobrir quais dos Endeavors dispon\u00edveis voc\u00ea gostaria de completar. Isso \u00e9 para garantir que todos, independentemente de seu estilo de jogo, tenham a oportunidade de ganhar a nova moeda sem ter que concluir atividades de que n\u00e3o necessariamente gostam. Depois de atingir o limite di\u00e1rio ou semanal de &#8220;esfor\u00e7os&#8221; conclu\u00eddos, os restantes ser\u00e3o desativados. Quando o dia terminar, os &#8220;esfor\u00e7os&#8221; di\u00e1rios ser\u00e3o reiniciados e novos estar\u00e3o dispon\u00edveis, e quando a semana terminar, os semanais far\u00e3o o mesmo.<\/p><p style=\"text-align: left;\">Voc\u00ea pode ver suas tarefas no novo menu Endeavors, encontrado no Activity Finder. Voc\u00ea n\u00e3o precisa fazer nada para come\u00e7ar um Endeavour (eles ficar\u00e3o todos ativos imediatamente) e, depois de concluir um, voc\u00ea recebe automaticamente suas recompensas e uma notifica\u00e7\u00e3o, ent\u00e3o n\u00e3o h\u00e1 necessidade de resgat\u00e1-los manualmente &#8211; bem simples!<\/p><div class=\"col-xs-12 col-sm-12 col-md-12 col-lg-12 col-md-offset-0 col-lg-offset-0 article-override\"><img decoding=\"async\" loading=\"lazy\" class=\"alignnone wp-image-18079 size-full\" src=\"https:\/\/www.universoeso.com.br\/wp-content\/uploads\/2021\/04\/seal-blackwood.jpg\" alt=\"\" width=\"716\" height=\"400\" srcset=\"https:\/\/www.universoeso.com.br\/wp-content\/uploads\/2021\/04\/seal-blackwood.jpg 716w, https:\/\/www.universoeso.com.br\/wp-content\/uploads\/2021\/04\/seal-blackwood-300x168.jpg 300w\" sizes=\"(max-width: 716px) 100vw, 716px\" \/><\/div><\/div><div id=\"text_block3\" class=\"text_block is-pa\" data-pip-on=\"\" data-pip-label=\"\"><div class=\"col-xs-12 col-sm-12 col-md- col-lg- col-md-offset- col-lg-offset- article-override\"><h2 id=\"pip-seals-of-endeavor\" class=\"is-pip side-nav-item-4\" style=\"text-align: left;\" data-pip-on=\"1\" data-pip-label=\"Seals of Endeavor\">A MOEDA &#8211; SEALS OF ENDEAVOR<\/h2><p style=\"text-align: left;\">Al\u00e9m de outros itens mais comuns, os Endeavors recompensam uma moeda totalmente nova chamada Selos do Endeavour, com valores variando de acordo com o dia e o n\u00edvel de desafio dos pr\u00f3prios Endeavors.<\/p><p style=\"text-align: left;\">Com a nova moeda Seals, voc\u00ea pode adquirir qualquer um dos itens das Crown Crate dispon\u00edveis atualmente. Isso inclui qualquer um dos consum\u00edveis da caixa (como po\u00e7\u00f5es ou pergaminhos de XP), animais de estima\u00e7\u00e3o, cosm\u00e9ticos ou mesmo as Montarias Radiant Apex extremamente raras. Pela primeira vez em The Elder Scrolls Online, voc\u00ea pode adquirir esses itens muito procurados por meio do jogo, al\u00e9m de encontr\u00e1-los dentro das caixas. Observe que quaisquer itens das Crown Crates que voc\u00ea adquirir com os Seals n\u00e3o podem ser convertidos em cristais apex.<\/p><\/div><\/div><div id=\"text_block5\" class=\"text_block is-pa\" data-pip-on=\"\" data-pip-label=\"\"><div class=\"col-xs-12 col-sm-12 col-md- col-lg- col-md-offset- col-lg-offset- article-override\"><p style=\"text-align: left;\">O valor dos Seals para itens individuais das Crown Crates diferem, portanto, dependendo do que voc\u00ea deseja obter, pode ser necess\u00e1rio economizar, se quiser adquirir um item especialmente raro. Voc\u00ea pode coletar e guardar os Seals pelo tempo que quiser, n\u00e3o h\u00e1 limite para quantos Seals voc\u00ea pode guardar para mais tarde. Como Crowns ou Cristais Apex, os Seals of Endeavour s\u00e3o uma moeda baseada em conta e n\u00e3o espec\u00edfica de qualquer personagem.<\/p><p style=\"text-align: left;\">Para ver todos os itens das Crown Crate e compr\u00e1-los com os Seals, voc\u00ea pode acessar a guia Seals no menu da Crown Store. L\u00e1 voc\u00ea pode ver uma lista completa dos itens dispon\u00edveis.<\/p><\/div><\/div>\t\t\t\t\t\t<\/div>\n\t\t\t\t<\/div>\n\t\t\t\t<div class=\"elementor-element elementor-element-bd3abcf elementor-widget elementor-widget-wp-widget-simple_author_box_widget_lite\" data-id=\"bd3abcf\" data-element_type=\"widget\" data-widget_type=\"wp-widget-simple_author_box_widget_lite.default\">\n\t\t\t\t<div class=\"elementor-widget-container\">\n\t\t\t<h5>Sobre o Autor<\/h5><div class=\"saboxplugin-wrap\" itemtype=\"http:\/\/schema.org\/Person\" itemscope itemprop=\"author\"><div class=\"saboxplugin-tab\"><div class=\"saboxplugin-gravatar\"><img alt='Frooke' src='https:\/\/secure.gravatar.com\/avatar\/6baef3a8cbe432ac784739c48f76350d?s=100&#038;d=mm&#038;r=g' srcset='https:\/\/secure.gravatar.com\/avatar\/6baef3a8cbe432ac784739c48f76350d?s=200&#038;d=mm&#038;r=g 2x' class='avatar avatar-100 photo' height='100' width='100' itemprop=\"image\" loading='lazy' decoding='async'\/><\/div><div class=\"saboxplugin-authorname\"><a href=\"https:\/\/www.universoeso.com.br\/index.php\/author\/fabioadmin\/\" class=\"vcard author\" rel=\"author\"><span class=\"fn\">Frooke<\/span><\/a><\/div><div class=\"saboxplugin-desc\"><div itemprop=\"description\"><p>Mestre Frooke \u00e9 o dono do site e l\u00edder do projeto ESOBR. Amante da saga The Elder Scrolls e grande conhecedor do Lore, possuindo uma longa jornada em MMOs como WoW, Tibia, Diablo, entre outros. Est\u00e1 sempre ativo criando Builds e Guias de tudo relacionado ao ESO! Especialista na maioria das classes, especialmente em Nightblade e f\u00e3 de uma boa luta. Atua como programador e \u00e9 ex m\u00fasico profissional.<\/p>\n<\/div><\/div><div class=\"clearfix\"><\/div><div class=\"saboxplugin-socials sabox-colored\"><a title=\"Facebook\" target=\"_blank\" href=\"https:\/\/www.facebook.com\/universoeso\/\" rel=\"nofollow noopener\" class=\"saboxplugin-icon-color\"><svg class=\"sab-facebook\" viewBox=\"0 0 500 500.7\" xml:space=\"preserve\" xmlns=\"http:\/\/www.w3.org\/2000\/svg\"><rect class=\"st0\" x=\"-.3\" y=\".3\" width=\"500\" height=\"500\" fill=\"#3b5998\" \/><polygon class=\"st1\" points=\"499.7 292.6 499.7 500.3 331.4 500.3 219.8 388.7 221.6 385.3 223.7 308.6 178.3 264.9 219.7 233.9 249.7 138.6 321.1 113.9\" \/><path class=\"st2\" d=\"M219.8,388.7V264.9h-41.5v-49.2h41.5V177c0-42.1,25.7-65,63.3-65c18,0,33.5,1.4,38,1.9v44H295  c-20.4,0-24.4,9.7-24.4,24v33.9h46.1l-6.3,49.2h-39.8v123.8\" \/><\/svg><\/span><\/a><a title=\"Twitter\" target=\"_blank\" href=\"https:\/\/twitter.com\/Mestre_Frooke\" rel=\"nofollow noopener\" class=\"saboxplugin-icon-color\"><svg class=\"sab-twitter\" viewBox=\"0 0 500 500.7\" xml:space=\"preserve\" xmlns=\"http:\/\/www.w3.org\/2000\/svg\"><rect class=\"st0\" x=\".5\" y=\".2\" width=\"500\" height=\"500\" fill=\"#1da1f2\" \/><polygon class=\"st1\" points=\"500.5 252.8 500.5 500.2 266.9 500.2 107 340.3 125 344.6 148.7 342.6 184.7 341.6 157.9 302.5 177.3 303.6 157.3 295.9 160.7 283.3 137.8 259.8 231 234.3 386 138\" \/><path class=\"st2\" d=\"m364.5 191.7c0.2 2.5 0.2 5.1 0.2 7.6 0 77.8-59.2 167.4-167.4 167.4-33.3 0-64.3-9.7-90.3-26.4 4.7 0.5 9.3 0.7 14.2 0.7 27.5 0 52.8-9.3 73-25.1-25.9-0.5-47.5-17.5-55-40.8 3.6 0.5 7.3 0.9 11.1 0.9 5.3 0 10.6-0.7 15.5-2-27-5.5-47.2-29.1-47.2-57.7v-0.7c7.8 4.4 16.9 7.1 26.6 7.5-15.8-10.6-26.2-28.6-26.2-49 0-10.9 2.9-20.9 8-29.7 29 35.7 72.5 59 121.3 61.6-0.9-4.4-1.5-8.9-1.5-13.5 0-32.4 26.2-58.8 58.8-58.8 16.9 0 32.2 7.1 43 18.6 13.3-2.5 26-7.5 37.3-14.2-4.4 13.7-13.7 25.1-25.9 32.4 11.8-1.3 23.3-4.6 33.9-9.1-7.9 11.6-17.9 21.9-29.4 30.3z\" \/><\/svg><\/span><\/a><a title=\"Youtube\" target=\"_blank\" href=\"http:\/\/www.youtube.com\/mestrefrooke\" rel=\"nofollow noopener\" class=\"saboxplugin-icon-color\"><svg class=\"sab-youtube\" viewBox=\"0 0 500 500.7\" xml:space=\"preserve\" xmlns=\"http:\/\/www.w3.org\/2000\/svg\"><rect class=\"st0\" x=\".4\" y=\"-.3\" width=\"500\" height=\"500\" fill=\"#ff0000\" \/><polygon class=\"st1\" points=\"500.4 311.3 500.4 499.7 311.8 499.7 139.5 326.7 205 196.6 360.9 172.5\" \/><path class=\"st2\" d=\"m371.3 188.8c-2.9-10.9-11.4-19.5-22.3-22.4-19.7-5.3-98.6-5.3-98.6-5.3s-78.9 0-98.6 5.3c-10.9 2.9-19.4 11.5-22.3 22.4-5.3 19.8-5.3 61.1-5.3 61.1s0 41.3 5.3 61.1c2.9 10.9 11.4 19.2 22.3 22.1 19.7 5.3 98.6 5.3 98.6 5.3s78.9 0 98.6-5.3c10.9-2.9 19.4-11.2 22.3-22.1 5.3-19.8 5.3-61.1 5.3-61.1s0-41.3-5.3-61.1zm-146.7 98.6v-75l65.9 37.5-65.9 37.5z\" \/><\/svg><\/span><\/a><a title=\"Twitch\" target=\"_blank\" href=\"http:\/\/twitch.tv\/mestrefrooke\" rel=\"nofollow noopener\" class=\"saboxplugin-icon-color\"><svg class=\"sab-twitch\" viewBox=\"0 0 500 500.7\" xml:space=\"preserve\" xmlns=\"http:\/\/www.w3.org\/2000\/svg\"><rect class=\"st0\" x=\"-.2\" y=\".4\" width=\"500\" height=\"500\" fill=\"#6441a5\" \/><polygon class=\"st1\" points=\"499.8 247.3 499.8 500.4 283 500.4 135.5 351.6 162 142.3 324 138.3 380.2 128\" \/><path class=\"st2\" d=\"m152.7 128l-17.2 44v179.7h61.2v32.5h34.4l32.5-32.5h49.7l66.9-66.9v-156.8h-227.5zm204.6 145.3l-38.3 38.2h-61.2l-32.4 32.5v-32.5h-51.6v-160.6h183.5v122.4zm-38.3-78.4v66.8h-22.9v-66.8h22.9zm-61.1 0v66.8h-22.9v-66.8h22.9z\" \/><\/svg><\/span><\/a><a title=\"Instagram\" target=\"_blank\" href=\"http:\/\/instagram.com\/fabio.rooke\" rel=\"nofollow noopener\" class=\"saboxplugin-icon-color\"><svg class=\"sab-instagram\" viewBox=\"0 0 500 500.7\" xml:space=\"preserve\" xmlns=\"http:\/\/www.w3.org\/2000\/svg\"><rect class=\"st0\" x=\".7\" y=\"-.2\" width=\"500\" height=\"500\" fill=\"#405de6\" \/><polygon class=\"st1\" points=\"500.7 300.6 500.7 499.8 302.3 499.8 143 339.3 143 192.3 152.2 165.3 167 151.2 200 143.3 270 138.3 350.5 150\" \/><path class=\"st2\" d=\"m250.7 188.2c-34.1 0-61.6 27.5-61.6 61.6s27.5 61.6 61.6 61.6 61.6-27.5 61.6-61.6-27.5-61.6-61.6-61.6zm0 101.6c-22 0-40-17.9-40-40s17.9-40 40-40 40 17.9 40 40-17.9 40-40 40zm78.5-104.1c0 8-6.4 14.4-14.4 14.4s-14.4-6.4-14.4-14.4c0-7.9 6.4-14.4 14.4-14.4 7.9 0.1 14.4 6.5 14.4 14.4zm40.7 14.6c-0.9-19.2-5.3-36.3-19.4-50.3-14-14-31.1-18.4-50.3-19.4-19.8-1.1-79.2-1.1-99.1 0-19.2 0.9-36.2 5.3-50.3 19.3s-18.4 31.1-19.4 50.3c-1.1 19.8-1.1 79.2 0 99.1 0.9 19.2 5.3 36.3 19.4 50.3s31.1 18.4 50.3 19.4c19.8 1.1 79.2 1.1 99.1 0 19.2-0.9 36.3-5.3 50.3-19.4 14-14 18.4-31.1 19.4-50.3 1.2-19.8 1.2-79.2 0-99zm-25.6 120.3c-4.2 10.5-12.3 18.6-22.8 22.8-15.8 6.3-53.3 4.8-70.8 4.8s-55 1.4-70.8-4.8c-10.5-4.2-18.6-12.3-22.8-22.8-6.3-15.8-4.8-53.3-4.8-70.8s-1.4-55 4.8-70.8c4.2-10.5 12.3-18.6 22.8-22.8 15.8-6.3 53.3-4.8 70.8-4.8s55-1.4 70.8 4.8c10.5 4.2 18.6 12.3 22.8 22.8 6.3 15.8 4.8 53.3 4.8 70.8s1.5 55-4.8 70.8z\" \/><\/svg><\/span><\/a><\/div><\/div><\/div>\t\t<\/div>\n\t\t\t\t<\/div>\n\t\t\t\t\t<\/div>\n\t\t<\/div>\n\t\t\t\t\t\t\t<\/div>\n\t\t<\/section>\n\t\t\t\t\t\t\t<\/div>\n\t\t","protected":false},"excerpt":{"rendered":"Como parte do Update 30 que sair\u00e1 no meio de Jun\/21, o novo sistema de Endeavors que dar\u00e1 aos jogadores a oportunidade de \n<a class=\"moretag\" href=\"https:\/\/www.universoeso.com.br\/endeavors\"> [Leia mais]<\/a>","protected":false},"author":2,"featured_media":0,"parent":0,"menu_order":0,"comment_status":"closed","ping_status":"closed","template":"","meta":[],"_links":{"self":[{"href":"https:\/\/www.universoeso.com.br\/index.php\/wp-json\/wp\/v2\/pages\/18035"}],"collection":[{"href":"https:\/\/www.universoeso.com.br\/index.php\/wp-json\/wp\/v2\/pages"}],"about":[{"href":"https:\/\/www.universoeso.com.br\/index.php\/wp-json\/wp\/v2\/types\/page"}],"author":[{"embeddable":true,"href":"https:\/\/www.universoeso.com.br\/index.php\/wp-json\/wp\/v2\/users\/2"}],"replies":[{"embeddable":true,"href":"https:\/\/www.universoeso.com.br\/index.php\/wp-json\/wp\/v2\/comments?post=18035"}],"version-history":[{"count":7,"href":"https:\/\/www.universoeso.com.br\/index.php\/wp-json\/wp\/v2\/pages\/18035\/revisions"}],"predecessor-version":[{"id":18085,"href":"https:\/\/www.universoeso.com.br\/index.php\/wp-json\/wp\/v2\/pages\/18035\/revisions\/18085"}],"wp:attachment":[{"href":"https:\/\/www.universoeso.com.br\/index.php\/wp-json\/wp\/v2\/media?parent=18035"}],"curies":[{"name":"wp","href":"https:\/\/api.w.org\/{rel}","templated":true}]}}