{"id":17594,"date":"2021-04-07T19:56:58","date_gmt":"2021-04-07T22:56:58","guid":{"rendered":"http:\/\/www.universoeso.com.br\/?page_id=17594"},"modified":"2021-04-09T02:06:54","modified_gmt":"2021-04-09T05:06:54","slug":"profissoes-no-eso","status":"publish","type":"page","link":"https:\/\/www.universoeso.com.br\/profissoes","title":{"rendered":"Profiss\u00f5es no ESO"},"content":{"rendered":"\t\t<div data-elementor-type=\"wp-page\" data-elementor-id=\"17594\" class=\"elementor elementor-17594\">\n\t\t\t\t\t\t\t\t\t<section class=\"elementor-section elementor-top-section elementor-element elementor-element-8f10859 elementor-section-boxed elementor-section-height-default elementor-section-height-default\" data-id=\"8f10859\" data-element_type=\"section\">\n\t\t\t\t\t\t<div class=\"elementor-container elementor-column-gap-default\">\n\t\t\t\t\t<div class=\"elementor-column elementor-col-100 elementor-top-column elementor-element elementor-element-0831dfd\" data-id=\"0831dfd\" data-element_type=\"column\">\n\t\t\t<div class=\"elementor-widget-wrap elementor-element-populated\">\n\t\t\t\t\t\t\t\t<div class=\"elementor-element elementor-element-c2fe6e8 elementor-widget elementor-widget-image\" data-id=\"c2fe6e8\" data-element_type=\"widget\" data-widget_type=\"image.default\">\n\t\t\t\t<div class=\"elementor-widget-container\">\n\t\t\t\t\t\t\t\t\t\t\t\t\t\t\t<img decoding=\"async\" width=\"747\" height=\"420\" src=\"https:\/\/www.universoeso.com.br\/wp-content\/uploads\/2021\/03\/profissoes-imagem-1024x576.jpg\" class=\"attachment-large size-large wp-image-15589\" alt=\"\" loading=\"lazy\" srcset=\"https:\/\/www.universoeso.com.br\/wp-content\/uploads\/2021\/03\/profissoes-imagem-1024x576.jpg 1024w, https:\/\/www.universoeso.com.br\/wp-content\/uploads\/2021\/03\/profissoes-imagem-300x169.jpg 300w, https:\/\/www.universoeso.com.br\/wp-content\/uploads\/2021\/03\/profissoes-imagem-768x432.jpg 768w, https:\/\/www.universoeso.com.br\/wp-content\/uploads\/2021\/03\/profissoes-imagem-1536x864.jpg 1536w, https:\/\/www.universoeso.com.br\/wp-content\/uploads\/2021\/03\/profissoes-imagem.jpg 1920w\" sizes=\"(max-width: 747px) 100vw, 747px\" \/>\t\t\t\t\t\t\t\t\t\t\t\t\t\t\t<\/div>\n\t\t\t\t<\/div>\n\t\t\t\t\t<\/div>\n\t\t<\/div>\n\t\t\t\t\t\t\t<\/div>\n\t\t<\/section>\n\t\t\t\t<section class=\"elementor-section elementor-top-section elementor-element elementor-element-e168992 elementor-section-boxed elementor-section-height-default elementor-section-height-default\" data-id=\"e168992\" data-element_type=\"section\">\n\t\t\t\t\t\t<div class=\"elementor-container elementor-column-gap-default\">\n\t\t\t\t\t<div class=\"elementor-column elementor-col-100 elementor-top-column elementor-element elementor-element-dc1b494\" data-id=\"dc1b494\" data-element_type=\"column\">\n\t\t\t<div class=\"elementor-widget-wrap elementor-element-populated\">\n\t\t\t\t\t\t\t\t<div class=\"elementor-element elementor-element-db09cdc elementor-widget elementor-widget-text-editor\" data-id=\"db09cdc\" data-element_type=\"widget\" data-widget_type=\"text-editor.default\">\n\t\t\t\t<div class=\"elementor-widget-container\">\n\t\t\t\t\t\t\t<p>Esta p\u00e1gina possui um compilado de todo o material de Profiss\u00f5es no ESO atualizado do site. Alguns guias s\u00e3o antigos, por\u00e9m continuam atuais, j\u00e1 que a maioria das profiss\u00f5es do jogo que n\u00e3o mudaram.<\/p>\t\t\t\t\t\t<\/div>\n\t\t\t\t<\/div>\n\t\t\t\t<div class=\"elementor-element elementor-element-51aaac5 elementor-widget-divider--view-line elementor-widget elementor-widget-divider\" data-id=\"51aaac5\" data-element_type=\"widget\" data-widget_type=\"divider.default\">\n\t\t\t\t<div class=\"elementor-widget-container\">\n\t\t\t\t\t<div class=\"elementor-divider\">\n\t\t\t<span class=\"elementor-divider-separator\">\n\t\t\t\t\t\t<\/span>\n\t\t<\/div>\n\t\t\t\t<\/div>\n\t\t\t\t<\/div>\n\t\t\t\t<div class=\"elementor-element elementor-element-dfae1cf elementor-widget elementor-widget-heading\" data-id=\"dfae1cf\" data-element_type=\"widget\" data-widget_type=\"heading.default\">\n\t\t\t\t<div class=\"elementor-widget-container\">\n\t\t\t<h2 class=\"elementor-heading-title elementor-size-default\">Cria\u00e7\u00e3o de Equipamentos<\/h2>\t\t<\/div>\n\t\t\t\t<\/div>\n\t\t\t\t<div class=\"elementor-element elementor-element-0dc7a3e elementor-widget elementor-widget-text-editor\" data-id=\"0dc7a3e\" data-element_type=\"widget\" data-widget_type=\"text-editor.default\">\n\t\t\t\t<div class=\"elementor-widget-container\">\n\t\t\t\t\t\t\t<p>GUIA: <a href=\"https:\/\/www.universoeso.com.br\/guia-profissoes-crafting\">Cria\u00e7\u00e3o de Equipamentos (Crafting) &#8211; PARTE 1<\/a><\/p><ul><li><a href=\"https:\/\/youtu.be\/4XVVP8di-JI\">Otimizando tempo na cria\u00e7\u00e3o do seu &#8220;Crafter&#8221;<\/a><\/li><li><a href=\"https:\/\/www.universoeso.com.br\/index.php\/2016\/07\/20\/referencia-de-quantidade-de-material-para-sets-completos\/\">Quanto de material gasta um set completo? (Tabela)<\/a><\/li><li><a href=\"https:\/\/www.universoeso.com.br\/motifs\">Como conseguir Estilos novos p\/ suas roupas<\/a><\/li><li><a href=\"https:\/\/www.universoeso.com.br\/master-writs-encomendas-mestre\/\">Master Writ (Encomendas Mestre)<\/a><\/li><li><a href=\"https:\/\/www.universoeso.com.br\/joalheiro\">Joalheria (DLC Summerset)<\/a><\/li><\/ul><div><span style=\"font-family: Roboto, sans-serif; font-size: 16px; font-style: normal; font-weight: 400;\">GUIA: <a href=\"https:\/\/www.universoeso.com.br\/index.php\/2017\/09\/28\/como-trocar-a-trait-dos-seus-equipamentos-transmutacao\/\">Como trocar a &#8220;Trait&#8221; dos seus equipamentos<\/a><br \/><\/span><\/div><p>GUIA: <a href=\"https:\/\/www.universoeso.com.br\/recriacao-sets\/\">Sistema de Recria\u00e7\u00e3o de Sets<\/a><\/p><p>GUIA: <a href=\"https:\/\/www.universoeso.com.br\/criacao-moveis\">Cria\u00e7\u00e3o de M\u00f3veis<\/a><\/p><ul><li><a href=\"https:\/\/www.universoeso.com.br\/alvo-esqueleto\/\"><span style=\"font-size: 16px;\">Como criar Alvo &#8220;Dummy&#8221; p\/ casas<\/span><\/a><\/li><\/ul>\t\t\t\t\t\t<\/div>\n\t\t\t\t<\/div>\n\t\t\t\t<div class=\"elementor-element elementor-element-b179e47 elementor-widget-divider--view-line elementor-widget elementor-widget-divider\" data-id=\"b179e47\" data-element_type=\"widget\" data-widget_type=\"divider.default\">\n\t\t\t\t<div class=\"elementor-widget-container\">\n\t\t\t\t\t<div class=\"elementor-divider\">\n\t\t\t<span class=\"elementor-divider-separator\">\n\t\t\t\t\t\t<\/span>\n\t\t<\/div>\n\t\t\t\t<\/div>\n\t\t\t\t<\/div>\n\t\t\t\t<div class=\"elementor-element elementor-element-ac21ccf elementor-widget elementor-widget-heading\" data-id=\"ac21ccf\" data-element_type=\"widget\" data-widget_type=\"heading.default\">\n\t\t\t\t<div class=\"elementor-widget-container\">\n\t\t\t<h2 class=\"elementor-heading-title elementor-size-default\">Encantamento<\/h2>\t\t<\/div>\n\t\t\t\t<\/div>\n\t\t\t\t<div class=\"elementor-element elementor-element-5e3eb25 elementor-widget elementor-widget-text-editor\" data-id=\"5e3eb25\" data-element_type=\"widget\" data-widget_type=\"text-editor.default\">\n\t\t\t\t<div class=\"elementor-widget-container\">\n\t\t\t\t\t\t\t<p style=\"font-family: Roboto, sans-serif; font-size: 16px; font-style: normal; font-weight: 400;\">GUIA: <a href=\"https:\/\/www.universoeso.com.br\/index.php\/2017\/02\/10\/guia-de-profissoes-do-eso-parte-ii-encantamento\/\">Cria\u00e7\u00e3o de Encantamentos &#8211; PARTE 2<\/a><\/p>\t\t\t\t\t\t<\/div>\n\t\t\t\t<\/div>\n\t\t\t\t<div class=\"elementor-element elementor-element-9779b18 elementor-widget-divider--view-line elementor-widget elementor-widget-divider\" data-id=\"9779b18\" data-element_type=\"widget\" data-widget_type=\"divider.default\">\n\t\t\t\t<div class=\"elementor-widget-container\">\n\t\t\t\t\t<div class=\"elementor-divider\">\n\t\t\t<span class=\"elementor-divider-separator\">\n\t\t\t\t\t\t<\/span>\n\t\t<\/div>\n\t\t\t\t<\/div>\n\t\t\t\t<\/div>\n\t\t\t\t<div class=\"elementor-element elementor-element-5d72ff5 elementor-widget elementor-widget-heading\" data-id=\"5d72ff5\" data-element_type=\"widget\" data-widget_type=\"heading.default\">\n\t\t\t\t<div class=\"elementor-widget-container\">\n\t\t\t<h2 class=\"elementor-heading-title elementor-size-default\">Alquimia<\/h2>\t\t<\/div>\n\t\t\t\t<\/div>\n\t\t\t\t<div class=\"elementor-element elementor-element-9f109d3 elementor-widget elementor-widget-text-editor\" data-id=\"9f109d3\" data-element_type=\"widget\" data-widget_type=\"text-editor.default\">\n\t\t\t\t<div class=\"elementor-widget-container\">\n\t\t\t\t\t\t\t<ul><li><a href=\"https:\/\/www.universoeso.com.br\/index.php\/2016\/09\/17\/as-melhores-pocoes-para-pvepvp\/\">As melhores po\u00e7\u00f5es para PvP\/PvE<\/a><\/li><li><a href=\"https:\/\/www.universoeso.com.br\/index.php\/2017\/08\/19\/mestrando-alquimia-em-15min\/\">Mestrando Alquimia em 15min<\/a><\/li><\/ul>\t\t\t\t\t\t<\/div>\n\t\t\t\t<\/div>\n\t\t\t\t<div class=\"elementor-element elementor-element-97f2fcd elementor-widget-divider--view-line elementor-widget elementor-widget-divider\" data-id=\"97f2fcd\" data-element_type=\"widget\" data-widget_type=\"divider.default\">\n\t\t\t\t<div class=\"elementor-widget-container\">\n\t\t\t\t\t<div class=\"elementor-divider\">\n\t\t\t<span class=\"elementor-divider-separator\">\n\t\t\t\t\t\t<\/span>\n\t\t<\/div>\n\t\t\t\t<\/div>\n\t\t\t\t<\/div>\n\t\t\t\t<div class=\"elementor-element elementor-element-0bec659 elementor-widget elementor-widget-heading\" data-id=\"0bec659\" data-element_type=\"widget\" data-widget_type=\"heading.default\">\n\t\t\t\t<div class=\"elementor-widget-container\">\n\t\t\t<h2 class=\"elementor-heading-title elementor-size-default\">Culin\u00e1ria (Provisioning)<\/h2>\t\t<\/div>\n\t\t\t\t<\/div>\n\t\t\t\t<div class=\"elementor-element elementor-element-78ed6b6 elementor-widget elementor-widget-text-editor\" data-id=\"78ed6b6\" data-element_type=\"widget\" data-widget_type=\"text-editor.default\">\n\t\t\t\t<div class=\"elementor-widget-container\">\n\t\t\t\t\t\t\t<ul><li><a href=\"https:\/\/www.universoeso.com.br\/index.php\/2017\/06\/08\/guia-as-melhores-comidas-e-onde-conseguir\/\">Melhores comidas para se ter<\/a><\/li><li><a href=\"https:\/\/www.universoeso.com.br\/index.php\/2016\/05\/27\/guia-provisioning-como-se-tornar-um-mestre-cuca\/\">Como se tornar um mestre cuca em 20min<\/a><\/li><\/ul><div>GUIA: <a href=\"https:\/\/www.universoeso.com.br\/index.php\/2016\/05\/27\/guia-provisioning-como-se-tornar-um-mestre-cuca\/\">Pescaria<\/a><\/div>\t\t\t\t\t\t<\/div>\n\t\t\t\t<\/div>\n\t\t\t\t<div class=\"elementor-element elementor-element-40bd984 elementor-widget-divider--view-line elementor-widget elementor-widget-divider\" data-id=\"40bd984\" data-element_type=\"widget\" data-widget_type=\"divider.default\">\n\t\t\t\t<div class=\"elementor-widget-container\">\n\t\t\t\t\t<div class=\"elementor-divider\">\n\t\t\t<span class=\"elementor-divider-separator\">\n\t\t\t\t\t\t<\/span>\n\t\t<\/div>\n\t\t\t\t<\/div>\n\t\t\t\t<\/div>\n\t\t\t\t<div class=\"elementor-element elementor-element-cc06b1b elementor-widget elementor-widget-heading\" data-id=\"cc06b1b\" data-element_type=\"widget\" data-widget_type=\"heading.default\">\n\t\t\t\t<div class=\"elementor-widget-container\">\n\t\t\t<h2 class=\"elementor-heading-title elementor-size-default\">Sistema de Antiguidades: Scrying e Excavation<\/h2>\t\t<\/div>\n\t\t\t\t<\/div>\n\t\t\t\t<div class=\"elementor-element elementor-element-32b7ed5 elementor-widget elementor-widget-text-editor\" data-id=\"32b7ed5\" data-element_type=\"widget\" data-widget_type=\"text-editor.default\">\n\t\t\t\t<div class=\"elementor-widget-container\">\n\t\t\t\t\t\t\t<ul><li><a href=\"https:\/\/www.youtube.com\/watch?v=u6-nV71aM9E\" target=\"_blank\" rel=\"noopener\">Tudo sobre o Sistema de Antiquidades<\/a><\/li><li><a href=\"https:\/\/www.youtube.com\/watch?v=c5q6fGtzngM\" target=\"_blank\" rel=\"noopener\">Dicas para evoluir r\u00e1pido e escavar<\/a><\/li><\/ul>\t\t\t\t\t\t<\/div>\n\t\t\t\t<\/div>\n\t\t\t\t\t<\/div>\n\t\t<\/div>\n\t\t\t\t\t\t\t<\/div>\n\t\t<\/section>\n\t\t\t\t\t\t\t<\/div>\n\t\t","protected":false},"excerpt":{"rendered":"Esta p\u00e1gina possui um compilado de todo o material de Profiss\u00f5es no ESO atualizado do site. Alguns guias s\u00e3o antigos, por\u00e9m continuam atuais, \n<a class=\"moretag\" href=\"https:\/\/www.universoeso.com.br\/profissoes\"> [Leia mais]<\/a>","protected":false},"author":2,"featured_media":0,"parent":0,"menu_order":0,"comment_status":"closed","ping_status":"closed","template":"","meta":[],"_links":{"self":[{"href":"https:\/\/www.universoeso.com.br\/index.php\/wp-json\/wp\/v2\/pages\/17594"}],"collection":[{"href":"https:\/\/www.universoeso.com.br\/index.php\/wp-json\/wp\/v2\/pages"}],"about":[{"href":"https:\/\/www.universoeso.com.br\/index.php\/wp-json\/wp\/v2\/types\/page"}],"author":[{"embeddable":true,"href":"https:\/\/www.universoeso.com.br\/index.php\/wp-json\/wp\/v2\/users\/2"}],"replies":[{"embeddable":true,"href":"https:\/\/www.universoeso.com.br\/index.php\/wp-json\/wp\/v2\/comments?post=17594"}],"version-history":[{"count":16,"href":"https:\/\/www.universoeso.com.br\/index.php\/wp-json\/wp\/v2\/pages\/17594\/revisions"}],"predecessor-version":[{"id":17654,"href":"https:\/\/www.universoeso.com.br\/index.php\/wp-json\/wp\/v2\/pages\/17594\/revisions\/17654"}],"wp:attachment":[{"href":"https:\/\/www.universoeso.com.br\/index.php\/wp-json\/wp\/v2\/media?parent=17594"}],"curies":[{"name":"wp","href":"https:\/\/api.w.org\/{rel}","templated":true}]}}