{"id":17041,"date":"2021-03-29T21:31:15","date_gmt":"2021-03-30T00:31:15","guid":{"rendered":"http:\/\/www.universoeso.com.br\/?page_id=17041"},"modified":"2021-04-01T01:10:49","modified_gmt":"2021-04-01T04:10:49","slug":"masmorras-arenas-trials","status":"publish","type":"page","link":"https:\/\/www.universoeso.com.br\/masmorras","title":{"rendered":"Masmorras, Arenas e Trials"},"content":{"rendered":"\t\t<div data-elementor-type=\"wp-page\" data-elementor-id=\"17041\" class=\"elementor elementor-17041\">\n\t\t\t\t\t\t\t\t\t<section class=\"elementor-section elementor-top-section elementor-element elementor-element-6ea515c elementor-section-boxed elementor-section-height-default elementor-section-height-default\" data-id=\"6ea515c\" data-element_type=\"section\">\n\t\t\t\t\t\t<div class=\"elementor-container elementor-column-gap-default\">\n\t\t\t\t\t<div class=\"elementor-column elementor-col-100 elementor-top-column elementor-element elementor-element-dce4bc1\" data-id=\"dce4bc1\" data-element_type=\"column\">\n\t\t\t<div class=\"elementor-widget-wrap elementor-element-populated\">\n\t\t\t\t\t\t\t\t<div class=\"elementor-element elementor-element-13e59f4 elementor-widget elementor-widget-image\" data-id=\"13e59f4\" data-element_type=\"widget\" data-widget_type=\"image.default\">\n\t\t\t\t<div class=\"elementor-widget-container\">\n\t\t\t\t\t\t\t\t\t\t\t\t\t\t\t<img decoding=\"async\" width=\"747\" height=\"420\" src=\"https:\/\/www.universoeso.com.br\/wp-content\/uploads\/2021\/03\/masmoora-imagem1-1024x576.jpg\" class=\"attachment-large size-large wp-image-15552\" alt=\"\" loading=\"lazy\" srcset=\"https:\/\/www.universoeso.com.br\/wp-content\/uploads\/2021\/03\/masmoora-imagem1-1024x576.jpg 1024w, https:\/\/www.universoeso.com.br\/wp-content\/uploads\/2021\/03\/masmoora-imagem1-300x169.jpg 300w, https:\/\/www.universoeso.com.br\/wp-content\/uploads\/2021\/03\/masmoora-imagem1-768x432.jpg 768w, https:\/\/www.universoeso.com.br\/wp-content\/uploads\/2021\/03\/masmoora-imagem1-1536x864.jpg 1536w, https:\/\/www.universoeso.com.br\/wp-content\/uploads\/2021\/03\/masmoora-imagem1.jpg 1920w\" sizes=\"(max-width: 747px) 100vw, 747px\" \/>\t\t\t\t\t\t\t\t\t\t\t\t\t\t\t<\/div>\n\t\t\t\t<\/div>\n\t\t\t\t\t<\/div>\n\t\t<\/div>\n\t\t\t\t\t\t\t<\/div>\n\t\t<\/section>\n\t\t\t\t<section class=\"elementor-section elementor-top-section elementor-element elementor-element-563da88 elementor-section-boxed elementor-section-height-default elementor-section-height-default\" data-id=\"563da88\" data-element_type=\"section\">\n\t\t\t\t\t\t<div class=\"elementor-container elementor-column-gap-default\">\n\t\t\t\t\t<div class=\"elementor-column elementor-col-100 elementor-top-column elementor-element elementor-element-2ba2676\" data-id=\"2ba2676\" data-element_type=\"column\">\n\t\t\t<div class=\"elementor-widget-wrap elementor-element-populated\">\n\t\t\t\t\t\t\t\t<div class=\"elementor-element elementor-element-5b8b917 elementor-widget elementor-widget-text-editor\" data-id=\"5b8b917\" data-element_type=\"widget\" data-widget_type=\"text-editor.default\">\n\t\t\t\t<div class=\"elementor-widget-container\">\n\t\t\t\t\t\t\t<p>Esta p\u00e1gina se destina a trazer guias de todos os conte\u00fados PvE em grupo e solo do jogo. Se deseja saber sobre as miss\u00f5es di\u00e1rias de Masmorras e Dungeons acesse o <a href=\"https:\/\/www.universoeso.com.br\/destemidos\">Guia da Undaunted<\/a>.<\/p>\t\t\t\t\t\t<\/div>\n\t\t\t\t<\/div>\n\t\t\t\t\t<\/div>\n\t\t<\/div>\n\t\t\t\t\t\t\t<\/div>\n\t\t<\/section>\n\t\t\t\t<section class=\"elementor-section elementor-top-section elementor-element elementor-element-1344f4a elementor-section-boxed elementor-section-height-default elementor-section-height-default\" data-id=\"1344f4a\" data-element_type=\"section\">\n\t\t\t\t\t\t<div class=\"elementor-container elementor-column-gap-default\">\n\t\t\t\t\t<div class=\"elementor-column elementor-col-33 elementor-top-column elementor-element elementor-element-e42cebb\" data-id=\"e42cebb\" data-element_type=\"column\">\n\t\t\t<div class=\"elementor-widget-wrap elementor-element-populated\">\n\t\t\t\t\t\t\t\t<div class=\"elementor-element elementor-element-f3f11ad elementor-widget elementor-widget-image\" data-id=\"f3f11ad\" data-element_type=\"widget\" data-widget_type=\"image.default\">\n\t\t\t\t<div class=\"elementor-widget-container\">\n\t\t\t\t\t\t\t\t\t\t\t\t\t\t\t<img decoding=\"async\" width=\"584\" height=\"166\" src=\"https:\/\/www.universoeso.com.br\/wp-content\/uploads\/2021\/03\/masmooorras.png\" class=\"attachment-large size-large wp-image-17066\" alt=\"\" loading=\"lazy\" srcset=\"https:\/\/www.universoeso.com.br\/wp-content\/uploads\/2021\/03\/masmooorras.png 584w, https:\/\/www.universoeso.com.br\/wp-content\/uploads\/2021\/03\/masmooorras-300x85.png 300w\" sizes=\"(max-width: 584px) 100vw, 584px\" \/>\t\t\t\t\t\t\t\t\t\t\t\t\t\t\t<\/div>\n\t\t\t\t<\/div>\n\t\t\t\t\t<\/div>\n\t\t<\/div>\n\t\t\t\t<div class=\"elementor-column elementor-col-33 elementor-top-column elementor-element elementor-element-74cc690\" data-id=\"74cc690\" data-element_type=\"column\">\n\t\t\t<div class=\"elementor-widget-wrap elementor-element-populated\">\n\t\t\t\t\t\t\t\t<div class=\"elementor-element elementor-element-51c64e0 elementor-widget elementor-widget-image\" data-id=\"51c64e0\" data-element_type=\"widget\" data-widget_type=\"image.default\">\n\t\t\t\t<div class=\"elementor-widget-container\">\n\t\t\t\t\t\t\t\t\t\t\t\t\t\t\t<img decoding=\"async\" width=\"584\" height=\"166\" src=\"https:\/\/www.universoeso.com.br\/wp-content\/uploads\/2021\/03\/trialssss.png\" class=\"attachment-large size-large wp-image-17067\" alt=\"\" loading=\"lazy\" srcset=\"https:\/\/www.universoeso.com.br\/wp-content\/uploads\/2021\/03\/trialssss.png 584w, https:\/\/www.universoeso.com.br\/wp-content\/uploads\/2021\/03\/trialssss-300x85.png 300w\" sizes=\"(max-width: 584px) 100vw, 584px\" \/>\t\t\t\t\t\t\t\t\t\t\t\t\t\t\t<\/div>\n\t\t\t\t<\/div>\n\t\t\t\t\t<\/div>\n\t\t<\/div>\n\t\t\t\t<div class=\"elementor-column elementor-col-33 elementor-top-column elementor-element elementor-element-b4a3184\" data-id=\"b4a3184\" data-element_type=\"column\">\n\t\t\t<div class=\"elementor-widget-wrap elementor-element-populated\">\n\t\t\t\t\t\t\t\t<div class=\"elementor-element elementor-element-7f86a21 elementor-widget elementor-widget-image\" data-id=\"7f86a21\" data-element_type=\"widget\" data-widget_type=\"image.default\">\n\t\t\t\t<div class=\"elementor-widget-container\">\n\t\t\t\t\t\t\t\t\t\t\t\t\t\t\t<img decoding=\"async\" width=\"584\" height=\"166\" src=\"https:\/\/www.universoeso.com.br\/wp-content\/uploads\/2021\/03\/arenassss.png\" class=\"attachment-large size-large wp-image-17065\" alt=\"\" loading=\"lazy\" srcset=\"https:\/\/www.universoeso.com.br\/wp-content\/uploads\/2021\/03\/arenassss.png 584w, https:\/\/www.universoeso.com.br\/wp-content\/uploads\/2021\/03\/arenassss-300x85.png 300w\" sizes=\"(max-width: 584px) 100vw, 584px\" \/>\t\t\t\t\t\t\t\t\t\t\t\t\t\t\t<\/div>\n\t\t\t\t<\/div>\n\t\t\t\t\t<\/div>\n\t\t<\/div>\n\t\t\t\t\t\t\t<\/div>\n\t\t<\/section>\n\t\t\t\t<section class=\"elementor-section elementor-top-section elementor-element elementor-element-8bab2ab elementor-section-boxed elementor-section-height-default elementor-section-height-default\" data-id=\"8bab2ab\" data-element_type=\"section\">\n\t\t\t\t\t\t<div class=\"elementor-container elementor-column-gap-default\">\n\t\t\t\t\t<div class=\"elementor-column elementor-col-33 elementor-top-column elementor-element elementor-element-13d1009\" data-id=\"13d1009\" data-element_type=\"column\">\n\t\t\t<div class=\"elementor-widget-wrap elementor-element-populated\">\n\t\t\t\t\t\t\t\t<div class=\"elementor-element elementor-element-bcf799a elementor-widget elementor-widget-text-editor\" data-id=\"bcf799a\" data-element_type=\"widget\" data-widget_type=\"text-editor.default\">\n\t\t\t\t<div class=\"elementor-widget-container\">\n\t\t\t\t\t\t\t<ul><li>\u00a0<span style=\"font-size: 16px;\">Fungal Grotto (I &amp;\u00a0<a href=\"https:\/\/www.universoeso.com.br\/guia-masmorra-fungal-grotto-ii\" target=\"_blank\" rel=\"noopener\">II<\/a>)<\/span><\/li><li>Spindleclutch (I &amp; II)<\/li><li>The Banished Cells (I &amp; II)<\/li><li>Darkshade Caverns (I &amp; II)<\/li><li>Elden Hollow (I &amp; II)<\/li><li>Wayrest Sewers (I &amp; II)<\/li><li>Arx Corinium<\/li><li>City of Ash (I &amp; II)<\/li><li>Crypt of Hearts (I &amp;\u00a0<a href=\"https:\/\/www.universoeso.com.br\/guia-masmorra-crypt-of-hearts-ii\" target=\"_blank\" rel=\"noopener\">II<\/a>)<\/li><li>Direfrost Keep<\/li><li>Tempest Island<\/li><li>Volenfell<\/li><li>Blackheart Haven<\/li><li>Blessed Crucible<\/li><li>Selene&#8217;s Web<\/li><li>Vaults of Madness<\/li><\/ul>\t\t\t\t\t\t<\/div>\n\t\t\t\t<\/div>\n\t\t\t\t\t<\/div>\n\t\t<\/div>\n\t\t\t\t<div class=\"elementor-column elementor-col-33 elementor-top-column elementor-element elementor-element-5818cb8\" data-id=\"5818cb8\" data-element_type=\"column\">\n\t\t\t<div class=\"elementor-widget-wrap elementor-element-populated\">\n\t\t\t\t\t\t\t\t<div class=\"elementor-element elementor-element-2a75c30 elementor-widget elementor-widget-text-editor\" data-id=\"2a75c30\" data-element_type=\"widget\" data-widget_type=\"text-editor.default\">\n\t\t\t\t<div class=\"elementor-widget-container\">\n\t\t\t\t\t\t\t<ul><li><a href=\"https:\/\/www.universoeso.com.br\/guia-trial-aetherian-archive\" target=\"_blank\" rel=\"noopener\">Aetherian Archive<\/a><\/li><li><a href=\"https:\/\/www.universoeso.com.br\/guia-trial-helra-citadel\">Hel Ra Citadel<\/a><\/li><li><a href=\"https:\/\/www.universoeso.com.br\/guia-trial-sanctum-ophidia\" target=\"_blank\" rel=\"noopener\">Sanctum Ophidia<\/a><\/li><\/ul>\t\t\t\t\t\t<\/div>\n\t\t\t\t<\/div>\n\t\t\t\t\t<\/div>\n\t\t<\/div>\n\t\t\t\t<div class=\"elementor-column elementor-col-33 elementor-top-column elementor-element elementor-element-315c98f\" data-id=\"315c98f\" data-element_type=\"column\">\n\t\t\t<div class=\"elementor-widget-wrap elementor-element-populated\">\n\t\t\t\t\t\t\t\t<div class=\"elementor-element elementor-element-90ff526 elementor-widget elementor-widget-text-editor\" data-id=\"90ff526\" data-element_type=\"widget\" data-widget_type=\"text-editor.default\">\n\t\t\t\t<div class=\"elementor-widget-container\">\n\t\t\t\t\t\t\t<ul><li>\u00a0<a href=\"https:\/\/www.universoeso.com.br\/guia-dragonstar-arena\/\" target=\"_blank\" rel=\"noopener\">Dragonstar Arena<\/a>\u00a0(4 Jogadores)<\/li><\/ul>\t\t\t\t\t\t<\/div>\n\t\t\t\t<\/div>\n\t\t\t\t\t<\/div>\n\t\t<\/div>\n\t\t\t\t\t\t\t<\/div>\n\t\t<\/section>\n\t\t\t\t<section class=\"elementor-section elementor-top-section elementor-element elementor-element-8fb400e elementor-section-boxed elementor-section-height-default elementor-section-height-default\" data-id=\"8fb400e\" data-element_type=\"section\">\n\t\t\t\t\t\t<div class=\"elementor-container elementor-column-gap-default\">\n\t\t\t\t\t<div class=\"elementor-column elementor-col-100 elementor-top-column elementor-element elementor-element-b91ffd5\" data-id=\"b91ffd5\" data-element_type=\"column\">\n\t\t\t<div class=\"elementor-widget-wrap elementor-element-populated\">\n\t\t\t\t\t\t\t\t<div class=\"elementor-element elementor-element-7e1ee6a elementor-widget-divider--view-line elementor-widget elementor-widget-divider\" data-id=\"7e1ee6a\" data-element_type=\"widget\" data-widget_type=\"divider.default\">\n\t\t\t\t<div class=\"elementor-widget-container\">\n\t\t\t\t\t<div class=\"elementor-divider\">\n\t\t\t<span class=\"elementor-divider-separator\">\n\t\t\t\t\t\t<\/span>\n\t\t<\/div>\n\t\t\t\t<\/div>\n\t\t\t\t<\/div>\n\t\t\t\t\t<\/div>\n\t\t<\/div>\n\t\t\t\t\t\t\t<\/div>\n\t\t<\/section>\n\t\t\t\t<section class=\"elementor-section elementor-top-section elementor-element elementor-element-5d5cfa9 elementor-section-boxed elementor-section-height-default elementor-section-height-default\" data-id=\"5d5cfa9\" data-element_type=\"section\">\n\t\t\t\t\t\t<div class=\"elementor-container elementor-column-gap-default\">\n\t\t\t\t\t<div class=\"elementor-column elementor-col-33 elementor-top-column elementor-element elementor-element-ef13797\" data-id=\"ef13797\" data-element_type=\"column\">\n\t\t\t<div class=\"elementor-widget-wrap elementor-element-populated\">\n\t\t\t\t\t\t\t\t<div class=\"elementor-element elementor-element-6ddc914 elementor-widget elementor-widget-text-editor\" data-id=\"6ddc914\" data-element_type=\"widget\" data-widget_type=\"text-editor.default\">\n\t\t\t\t<div class=\"elementor-widget-container\">\n\t\t\t\t\t\t\t\t\t\t\t\t\t<\/div>\n\t\t\t\t<\/div>\n\t\t\t\t\t<\/div>\n\t\t<\/div>\n\t\t\t\t<div class=\"elementor-column elementor-col-33 elementor-top-column elementor-element elementor-element-e7ed46a\" data-id=\"e7ed46a\" data-element_type=\"column\">\n\t\t\t<div class=\"elementor-widget-wrap elementor-element-populated\">\n\t\t\t\t\t\t\t\t<div class=\"elementor-element elementor-element-430ea0b elementor-widget elementor-widget-text-editor\" data-id=\"430ea0b\" data-element_type=\"widget\" data-widget_type=\"text-editor.default\">\n\t\t\t\t<div class=\"elementor-widget-container\">\n\t\t\t\t\t\t\t<h1 style=\"text-align: center;\">DLC<\/h1>\t\t\t\t\t\t<\/div>\n\t\t\t\t<\/div>\n\t\t\t\t\t<\/div>\n\t\t<\/div>\n\t\t\t\t<div class=\"elementor-column elementor-col-33 elementor-top-column elementor-element elementor-element-afb7ed4\" data-id=\"afb7ed4\" data-element_type=\"column\">\n\t\t\t<div class=\"elementor-widget-wrap elementor-element-populated\">\n\t\t\t\t\t\t\t\t<div class=\"elementor-element elementor-element-4e7ffac elementor-widget elementor-widget-text-editor\" data-id=\"4e7ffac\" data-element_type=\"widget\" data-widget_type=\"text-editor.default\">\n\t\t\t\t<div class=\"elementor-widget-container\">\n\t\t\t\t\t\t\t\t\t\t\t\t\t<\/div>\n\t\t\t\t<\/div>\n\t\t\t\t\t<\/div>\n\t\t<\/div>\n\t\t\t\t\t\t\t<\/div>\n\t\t<\/section>\n\t\t\t\t<section class=\"elementor-section elementor-top-section elementor-element elementor-element-f5dda1f elementor-section-boxed elementor-section-height-default elementor-section-height-default\" data-id=\"f5dda1f\" data-element_type=\"section\">\n\t\t\t\t\t\t<div class=\"elementor-container elementor-column-gap-default\">\n\t\t\t\t\t<div class=\"elementor-column elementor-col-100 elementor-top-column elementor-element elementor-element-f13d649\" data-id=\"f13d649\" data-element_type=\"column\">\n\t\t\t<div class=\"elementor-widget-wrap elementor-element-populated\">\n\t\t\t\t\t\t\t\t<div class=\"elementor-element elementor-element-60f17ec elementor-widget-divider--view-line elementor-widget elementor-widget-divider\" data-id=\"60f17ec\" data-element_type=\"widget\" data-widget_type=\"divider.default\">\n\t\t\t\t<div class=\"elementor-widget-container\">\n\t\t\t\t\t<div class=\"elementor-divider\">\n\t\t\t<span class=\"elementor-divider-separator\">\n\t\t\t\t\t\t<\/span>\n\t\t<\/div>\n\t\t\t\t<\/div>\n\t\t\t\t<\/div>\n\t\t\t\t\t<\/div>\n\t\t<\/div>\n\t\t\t\t\t\t\t<\/div>\n\t\t<\/section>\n\t\t\t\t<section class=\"elementor-section elementor-top-section elementor-element elementor-element-c0c8f80 elementor-section-boxed elementor-section-height-default elementor-section-height-default\" data-id=\"c0c8f80\" data-element_type=\"section\">\n\t\t\t\t\t\t<div class=\"elementor-container elementor-column-gap-default\">\n\t\t\t\t\t<div class=\"elementor-column elementor-col-33 elementor-top-column elementor-element elementor-element-b1f76d8\" data-id=\"b1f76d8\" data-element_type=\"column\">\n\t\t\t<div class=\"elementor-widget-wrap elementor-element-populated\">\n\t\t\t\t\t\t\t\t<div class=\"elementor-element elementor-element-cd3860f elementor-widget elementor-widget-text-editor\" data-id=\"cd3860f\" data-element_type=\"widget\" data-widget_type=\"text-editor.default\">\n\t\t\t\t<div class=\"elementor-widget-container\">\n\t\t\t\t\t\t\t<h1 style=\"text-align: left;\"><b style=\"font-family: inherit; font-size: 16px; font-style: inherit;\">Imperial City<\/b><\/h1><ul><li><a href=\"https:\/\/www.universoeso.com.br\/guia-masmorra-imperial-city-prison\" target=\"_blank\" rel=\"noopener\">Imperial City Prison<\/a><\/li><li><a href=\"https:\/\/www.universoeso.com.br\/guia-masmorra-white-gold-tower\" target=\"_blank\" rel=\"noopener\">White-Gold Tower<\/a><\/li><\/ul><p><b>Shadows of the Hist<\/b><b><\/b><\/p><ul><li><a href=\"https:\/\/www.universoeso.com.br\/guia-masmorra-cradle-of-shadows\" target=\"_blank\" rel=\"noopener\">Cradle of Shadows<\/a><\/li><li><a href=\"https:\/\/www.universoeso.com.br\/guia-masmorra-ruins-of-mazzatun\" target=\"_blank\" rel=\"noopener\">Ruins of Mazzatun<\/a><\/li><\/ul><p><b>Horns of the Reach<\/b><\/p><ul><li><a href=\"https:\/\/www.universoeso.com.br\/guia-masmorra-falkreath-hold\" target=\"_blank\" rel=\"noopener\">Falkreath Hold<\/a><\/li><li><a href=\"https:\/\/www.universoeso.com.br\/guia-masmorra-bloodroot-forge\" target=\"_blank\" rel=\"noopener\">Bloodroot Forge<\/a><\/li><\/ul><p><b>Dragon Bones<\/b><\/p><ul><li><a href=\"https:\/\/www.youtube.com\/watch?v=YKEt3hCImrw\" target=\"_blank\" rel=\"noopener\">Fang Lair<\/a><\/li><li><a href=\"https:\/\/www.universoeso.com.br\/guia-masmorra-scalecaller-peak\" target=\"_blank\" rel=\"noopener\">Scalecaller Peak<\/a><\/li><\/ul><p><b>Wolfhunter<\/b><\/p><ul><li><a href=\"https:\/\/www.universoeso.com.br\/guia-masmorra-moonhunter-keep\" target=\"_blank\" rel=\"noopener\">Moon Hunter Keep<\/a><\/li><li><a href=\"https:\/\/www.universoeso.com.br\/guia-masmorra-march-of-sacrifices\" target=\"_blank\" rel=\"noopener\">March of Sacrifices<\/a><\/li><\/ul><p><b>Wrathstone<\/b><\/p><ul><li><a href=\"https:\/\/www.universoeso.com.br\/guia-masmorra-depths-of-malatar\" target=\"_blank\" rel=\"noopener\">Depths of Malatar<\/a><\/li><li>Frostvault<\/li><\/ul><p><b>Scalebreaker<\/b><\/p><ul><li>Moongrave Fane<\/li><li>Lair of Maarselok<\/li><\/ul><p><b>Harrowstorm<\/b><\/p><ul><li>Unhallowed Grave<\/li><li>Icereach<\/li><\/ul><p><b>Stonethorn<\/b><\/p><ul><li>Castle Thorn<\/li><li>Stone Garden<\/li><\/ul><p><b>Flames of Ambition<\/b><\/p><ul><li>The Cauldron<\/li><li>Black Drake Villa<\/li><\/ul><div>\u00a0<\/div>\t\t\t\t\t\t<\/div>\n\t\t\t\t<\/div>\n\t\t\t\t\t<\/div>\n\t\t<\/div>\n\t\t\t\t<div class=\"elementor-column elementor-col-33 elementor-top-column elementor-element elementor-element-475a906\" data-id=\"475a906\" data-element_type=\"column\">\n\t\t\t<div class=\"elementor-widget-wrap elementor-element-populated\">\n\t\t\t\t\t\t\t\t<div class=\"elementor-element elementor-element-3b66860 elementor-widget elementor-widget-text-editor\" data-id=\"3b66860\" data-element_type=\"widget\" data-widget_type=\"text-editor.default\">\n\t\t\t\t<div class=\"elementor-widget-container\">\n\t\t\t\t\t\t\t<h1><strong style=\"font-size: 16px;\">Thieves Guild<\/strong><\/h1><ul><li>Maw of Lorkhaj<\/li><\/ul><p><strong>Vvardenfell<\/strong><\/p><ul><li>The Halls of Fabrication<\/li><\/ul><p><strong>Clockwork City<\/strong><\/p><ul><li>Asylum Sanctorium<\/li><\/ul><p><strong>Summerset<\/strong><\/p><ul><li><a href=\"https:\/\/www.universoeso.com.br\/guia-trial-cloudrest\" target=\"_blank\" rel=\"noopener\">Cloudrest<\/a><\/li><\/ul><p><strong>Elsweyr<\/strong><\/p><ul><li><a href=\"https:\/\/www.universoeso.com.br\/guia-trial-sunspire\" target=\"_blank\" rel=\"noopener\">Sunspire<\/a><\/li><\/ul><p><strong>Greymoor<\/strong><\/p><ul><li>Kyne&#8217;s Aegis<\/li><\/ul>\t\t\t\t\t\t<\/div>\n\t\t\t\t<\/div>\n\t\t\t\t\t<\/div>\n\t\t<\/div>\n\t\t\t\t<div class=\"elementor-column elementor-col-33 elementor-top-column elementor-element elementor-element-f5d2b60\" data-id=\"f5d2b60\" data-element_type=\"column\">\n\t\t\t<div class=\"elementor-widget-wrap elementor-element-populated\">\n\t\t\t\t\t\t\t\t<div class=\"elementor-element elementor-element-ed7ce83 elementor-widget elementor-widget-text-editor\" data-id=\"ed7ce83\" data-element_type=\"widget\" data-widget_type=\"text-editor.default\">\n\t\t\t\t<div class=\"elementor-widget-container\">\n\t\t\t\t\t\t\t<p><span style=\"font-size: 16px; font-weight: bold;\"><br \/>Orsinium<\/span><\/p><ul><li><a href=\"https:\/\/www.universoeso.com.br\/guia-maelstrom-arena\/\" target=\"_blank\" rel=\"noopener\">Maelstrom Arena<\/a>\u00a0(Solo)<\/li><\/ul><p><strong>Murkmire<\/strong><\/p><ul style=\"font-family: Roboto, sans-serif; font-size: 16px; font-style: normal; font-weight: 400;\"><li><a href=\"https:\/\/www.universoeso.com.br\/guia-blackrose-prison\/\" target=\"_blank\" rel=\"noopener\">Blackrose Prison<\/a>\u00a0(4 Jogadores)<\/li><\/ul><p><strong>Markarth<\/strong><\/p><ul style=\"font-weight: 400; font-style: normal; font-size: 16px; font-family: Roboto, sans-serif;\"><li><a href=\"https:\/\/www.universoeso.com.br\/guia-vateshran-hollows\/\" target=\"_blank\" rel=\"noopener\">Vateshran Hollows<\/a>\u00a0(Solo)<\/li><\/ul>\t\t\t\t\t\t<\/div>\n\t\t\t\t<\/div>\n\t\t\t\t\t<\/div>\n\t\t<\/div>\n\t\t\t\t\t\t\t<\/div>\n\t\t<\/section>\n\t\t\t\t<section class=\"elementor-section elementor-top-section elementor-element elementor-element-1d8420a elementor-section-boxed elementor-section-height-default elementor-section-height-default\" data-id=\"1d8420a\" data-element_type=\"section\">\n\t\t\t\t\t\t<div class=\"elementor-container elementor-column-gap-default\">\n\t\t\t\t\t<div class=\"elementor-column elementor-col-100 elementor-top-column elementor-element elementor-element-df70d24\" data-id=\"df70d24\" data-element_type=\"column\">\n\t\t\t<div class=\"elementor-widget-wrap elementor-element-populated\">\n\t\t\t\t\t\t\t\t<div class=\"elementor-element elementor-element-7dbf097 elementor-widget elementor-widget-text-editor\" data-id=\"7dbf097\" data-element_type=\"widget\" data-widget_type=\"text-editor.default\">\n\t\t\t\t<div class=\"elementor-widget-container\">\n\t\t\t\t\t\t\t<p>Nem todos os Guias est\u00e3o dispon\u00edveis. Mas em breve estar\u00e3o.<\/p>\t\t\t\t\t\t<\/div>\n\t\t\t\t<\/div>\n\t\t\t\t\t<\/div>\n\t\t<\/div>\n\t\t\t\t\t\t\t<\/div>\n\t\t<\/section>\n\t\t\t\t\t\t\t<\/div>\n\t\t","protected":false},"excerpt":{"rendered":"Esta p\u00e1gina se destina a trazer guias de todos os conte\u00fados PvE em grupo e solo do jogo. Se deseja saber sobre as \n<a class=\"moretag\" href=\"https:\/\/www.universoeso.com.br\/masmorras\"> [Leia mais]<\/a>","protected":false},"author":2,"featured_media":0,"parent":0,"menu_order":0,"comment_status":"closed","ping_status":"closed","template":"layouts\/fullwidth.php","meta":[],"_links":{"self":[{"href":"https:\/\/www.universoeso.com.br\/index.php\/wp-json\/wp\/v2\/pages\/17041"}],"collection":[{"href":"https:\/\/www.universoeso.com.br\/index.php\/wp-json\/wp\/v2\/pages"}],"about":[{"href":"https:\/\/www.universoeso.com.br\/index.php\/wp-json\/wp\/v2\/types\/page"}],"author":[{"embeddable":true,"href":"https:\/\/www.universoeso.com.br\/index.php\/wp-json\/wp\/v2\/users\/2"}],"replies":[{"embeddable":true,"href":"https:\/\/www.universoeso.com.br\/index.php\/wp-json\/wp\/v2\/comments?post=17041"}],"version-history":[{"count":42,"href":"https:\/\/www.universoeso.com.br\/index.php\/wp-json\/wp\/v2\/pages\/17041\/revisions"}],"predecessor-version":[{"id":17360,"href":"https:\/\/www.universoeso.com.br\/index.php\/wp-json\/wp\/v2\/pages\/17041\/revisions\/17360"}],"wp:attachment":[{"href":"https:\/\/www.universoeso.com.br\/index.php\/wp-json\/wp\/v2\/media?parent=17041"}],"curies":[{"name":"wp","href":"https:\/\/api.w.org\/{rel}","templated":true}]}}