{"id":15915,"date":"2021-03-21T22:43:09","date_gmt":"2021-03-22T01:43:09","guid":{"rendered":"http:\/\/www.universoeso.com.br\/?page_id=15915"},"modified":"2021-03-28T12:31:41","modified_gmt":"2021-03-28T15:31:41","slug":"build-pve-iniciante-tanque","status":"publish","type":"page","link":"https:\/\/www.universoeso.com.br\/pve-iniciante-tank","title":{"rendered":"BUILD-PvE &#8211; Iniciante &#8211; Tanque"},"content":{"rendered":"\t\t<div data-elementor-type=\"wp-page\" data-elementor-id=\"15915\" class=\"elementor elementor-15915\">\n\t\t\t\t\t\t\t\t\t<section class=\"elementor-section elementor-top-section elementor-element elementor-element-3bd0a7d elementor-section-boxed elementor-section-height-default elementor-section-height-default\" data-id=\"3bd0a7d\" data-element_type=\"section\">\n\t\t\t\t\t\t<div class=\"elementor-container elementor-column-gap-default\">\n\t\t\t\t\t<div class=\"elementor-column elementor-col-100 elementor-top-column elementor-element elementor-element-adc00e8\" data-id=\"adc00e8\" data-element_type=\"column\">\n\t\t\t<div class=\"elementor-widget-wrap elementor-element-populated\">\n\t\t\t\t\t\t\t\t<div class=\"elementor-element elementor-element-857dc62 elementor-widget elementor-widget-image\" data-id=\"857dc62\" data-element_type=\"widget\" data-widget_type=\"image.default\">\n\t\t\t\t<div class=\"elementor-widget-container\">\n\t\t\t\t\t\t\t\t\t\t\t\t\t\t\t<img decoding=\"async\" width=\"747\" height=\"420\" src=\"https:\/\/www.universoeso.com.br\/wp-content\/uploads\/2021\/03\/tank-iniciante1-1024x576.jpg\" class=\"attachment-large size-large wp-image-15975\" alt=\"\" loading=\"lazy\" srcset=\"https:\/\/www.universoeso.com.br\/wp-content\/uploads\/2021\/03\/tank-iniciante1-1024x576.jpg 1024w, https:\/\/www.universoeso.com.br\/wp-content\/uploads\/2021\/03\/tank-iniciante1-300x169.jpg 300w, https:\/\/www.universoeso.com.br\/wp-content\/uploads\/2021\/03\/tank-iniciante1-768x432.jpg 768w, https:\/\/www.universoeso.com.br\/wp-content\/uploads\/2021\/03\/tank-iniciante1-1536x864.jpg 1536w, https:\/\/www.universoeso.com.br\/wp-content\/uploads\/2021\/03\/tank-iniciante1.jpg 1920w\" sizes=\"(max-width: 747px) 100vw, 747px\" \/>\t\t\t\t\t\t\t\t\t\t\t\t\t\t\t<\/div>\n\t\t\t\t<\/div>\n\t\t\t\t\t<\/div>\n\t\t<\/div>\n\t\t\t\t\t\t\t<\/div>\n\t\t<\/section>\n\t\t\t\t<section class=\"elementor-section elementor-top-section elementor-element elementor-element-cc29e93 elementor-section-boxed elementor-section-height-default elementor-section-height-default\" data-id=\"cc29e93\" data-element_type=\"section\">\n\t\t\t\t\t\t<div class=\"elementor-container elementor-column-gap-default\">\n\t\t\t\t\t<div class=\"elementor-column elementor-col-100 elementor-top-column elementor-element elementor-element-5e05668\" data-id=\"5e05668\" data-element_type=\"column\">\n\t\t\t<div class=\"elementor-widget-wrap\">\n\t\t\t\t\t\t\t\t\t<\/div>\n\t\t<\/div>\n\t\t\t\t\t\t\t<\/div>\n\t\t<\/section>\n\t\t\t\t<section class=\"elementor-section elementor-top-section elementor-element elementor-element-40798b1 elementor-section-boxed elementor-section-height-default elementor-section-height-default\" data-id=\"40798b1\" data-element_type=\"section\">\n\t\t\t\t\t\t<div class=\"elementor-container elementor-column-gap-default\">\n\t\t\t\t\t<div class=\"elementor-column elementor-col-100 elementor-top-column elementor-element elementor-element-46119fba\" data-id=\"46119fba\" data-element_type=\"column\">\n\t\t\t<div class=\"elementor-widget-wrap elementor-element-populated\">\n\t\t\t\t\t\t\t\t<div class=\"elementor-element elementor-element-1723f89 elementor-widget elementor-widget-text-editor\" data-id=\"1723f89\" data-element_type=\"widget\" data-widget_type=\"text-editor.default\">\n\t\t\t\t<div class=\"elementor-widget-container\">\n\t\t\t\t\t\t\t<p><span style=\"font-weight: 400;\">Esse \u00e9 um Guia da role de tanque para as classes mais vi\u00e1veis do jogo na fun\u00e7\u00e3o. Este guia n\u00e3o ir\u00e1 focar em evoluir o personagem, ele ir\u00e1 partir da ideia de um personagem j\u00e1 evolu\u00eddo (CP160+).<\/span><\/p><\/div><\/div><\/div><\/div><\/div><\/section><\/div> <a href=\"https:\/\/www.universoeso.com.br\/pve-iniciante-tank#more-15915\" class=\"more-link elementor-more-link\"><span aria-label=\"Continue lendo BUILD-PvE &#8211; Iniciante &#8211; Tanque\">(mais&hellip;)<\/span><\/a>","protected":false},"excerpt":{"rendered":"Sum\u00e1rio Esse \u00e9 um Guia da role de tanque para as classes mais vi\u00e1veis do jogo na fun\u00e7\u00e3o. Este guia n\u00e3o ir\u00e1 focar \n<a class=\"moretag\" href=\"https:\/\/www.universoeso.com.br\/pve-iniciante-tank\"> [Leia mais]<\/a>","protected":false},"author":2,"featured_media":13152,"parent":15693,"menu_order":0,"comment_status":"open","ping_status":"closed","template":"layouts\/fullwidth.php","meta":[],"_links":{"self":[{"href":"https:\/\/www.universoeso.com.br\/index.php\/wp-json\/wp\/v2\/pages\/15915"}],"collection":[{"href":"https:\/\/www.universoeso.com.br\/index.php\/wp-json\/wp\/v2\/pages"}],"about":[{"href":"https:\/\/www.universoeso.com.br\/index.php\/wp-json\/wp\/v2\/types\/page"}],"author":[{"embeddable":true,"href":"https:\/\/www.universoeso.com.br\/index.php\/wp-json\/wp\/v2\/users\/2"}],"replies":[{"embeddable":true,"href":"https:\/\/www.universoeso.com.br\/index.php\/wp-json\/wp\/v2\/comments?post=15915"}],"version-history":[{"count":87,"href":"https:\/\/www.universoeso.com.br\/index.php\/wp-json\/wp\/v2\/pages\/15915\/revisions"}],"predecessor-version":[{"id":16893,"href":"https:\/\/www.universoeso.com.br\/index.php\/wp-json\/wp\/v2\/pages\/15915\/revisions\/16893"}],"up":[{"embeddable":true,"href":"https:\/\/www.universoeso.com.br\/index.php\/wp-json\/wp\/v2\/pages\/15693"}],"wp:featuredmedia":[{"embeddable":true,"href":"https:\/\/www.universoeso.com.br\/index.php\/wp-json\/wp\/v2\/media\/13152"}],"wp:attachment":[{"href":"https:\/\/www.universoeso.com.br\/index.php\/wp-json\/wp\/v2\/media?parent=15915"}],"curies":[{"name":"wp","href":"https:\/\/api.w.org\/{rel}","templated":true}]}}