{"id":14533,"date":"2021-03-29T22:37:12","date_gmt":"2021-03-30T01:37:12","guid":{"rendered":"http:\/\/www.universoeso.com.br\/?page_id=14533"},"modified":"2021-03-31T01:55:45","modified_gmt":"2021-03-31T04:55:45","slug":"guia-de-trial-sunspire","status":"publish","type":"page","link":"https:\/\/www.universoeso.com.br\/guia-trial-sunspire","title":{"rendered":"Guia de Trial: Sunspire"},"content":{"rendered":"\t\t<div data-elementor-type=\"wp-page\" data-elementor-id=\"14533\" class=\"elementor elementor-14533\">\n\t\t\t\t\t\t\t\t\t<section class=\"elementor-section elementor-top-section elementor-element elementor-element-f3a8306 elementor-section-boxed elementor-section-height-default elementor-section-height-default\" data-id=\"f3a8306\" data-element_type=\"section\">\n\t\t\t\t\t\t<div class=\"elementor-container elementor-column-gap-default\">\n\t\t\t\t\t<div class=\"elementor-column elementor-col-100 elementor-top-column elementor-element elementor-element-a623778\" data-id=\"a623778\" data-element_type=\"column\">\n\t\t\t<div class=\"elementor-widget-wrap elementor-element-populated\">\n\t\t\t\t\t\t\t\t<div class=\"elementor-element elementor-element-76c9363 elementor-widget elementor-widget-text-editor\" data-id=\"76c9363\" data-element_type=\"widget\" data-widget_type=\"text-editor.default\">\n\t\t\t\t<div class=\"elementor-widget-container\">\n\t\t\t\t\t\t\t<p style=\"text-align: center;\"><span style=\"color: #ff0000;\">ES<b>TE GUIA AINDA EST\u00c1 EM CONSTRU\u00c7\u00c3O<\/b><\/span><\/p>\t\t\t\t\t\t<\/div>\n\t\t\t\t<\/div>\n\t\t\t\t<div class=\"elementor-element elementor-element-94f13d8 elementor-widget elementor-widget-image\" data-id=\"94f13d8\" data-element_type=\"widget\" data-widget_type=\"image.default\">\n\t\t\t\t<div class=\"elementor-widget-container\">\n\t\t\t\t\t\t\t\t\t\t\t\t\t\t\t<img decoding=\"async\" width=\"798\" height=\"330\" src=\"https:\/\/www.universoeso.com.br\/wp-content\/uploads\/2021\/03\/vssssssssssss.jpg\" class=\"attachment-full size-full wp-image-17127\" alt=\"\" loading=\"lazy\" srcset=\"https:\/\/www.universoeso.com.br\/wp-content\/uploads\/2021\/03\/vssssssssssss.jpg 798w, https:\/\/www.universoeso.com.br\/wp-content\/uploads\/2021\/03\/vssssssssssss-300x124.jpg 300w, https:\/\/www.universoeso.com.br\/wp-content\/uploads\/2021\/03\/vssssssssssss-768x318.jpg 768w\" sizes=\"(max-width: 798px) 100vw, 798px\" \/>\t\t\t\t\t\t\t\t\t\t\t\t\t\t\t<\/div>\n\t\t\t\t<\/div>\n\t\t\t\t\t<\/div>\n\t\t<\/div>\n\t\t\t\t\t\t\t<\/div>\n\t\t<\/section>\n\t\t\t\t<section class=\"elementor-section elementor-top-section elementor-element elementor-element-50958742 elementor-section-boxed elementor-section-height-default elementor-section-height-default\" data-id=\"50958742\" data-element_type=\"section\">\n\t\t\t\t\t\t<div class=\"elementor-container elementor-column-gap-default\">\n\t\t\t\t\t<div class=\"elementor-column elementor-col-100 elementor-top-column elementor-element elementor-element-68455682\" data-id=\"68455682\" data-element_type=\"column\">\n\t\t\t<div class=\"elementor-widget-wrap elementor-element-populated\">\n\t\t\t\t\t\t\t\t<div class=\"elementor-element elementor-element-2c3a696c elementor-widget elementor-widget-text-editor\" data-id=\"2c3a696c\" data-element_type=\"widget\" data-widget_type=\"text-editor.default\">\n\t\t\t\t<div class=\"elementor-widget-container\">\n\t\t\t\t\t\t\t<p><strong style=\"font-family: 'Roboto Condensed', sans-serif; font-size: 24px; font-style: normal;\">Introdu\u00e7\u00e3o<\/strong><\/p><p style=\"font-family: Roboto, sans-serif; font-size: 16px; font-style: normal;\"><span style=\"font-weight: 400;\">Este \u00e9 um guia para a trial\u00a0<em style=\"font-size: 16px;\"><strong style=\"font-size: 16px;\">Sunspire<\/strong><\/em>, tamb\u00e9m conhecida pela sigla \u201c<\/span><b>vSS<\/b>\u201c.\u00a0<span style=\"font-family: Roboto, sans-serif; font-size: 16px; font-style: normal; font-weight: 400;\">A Trial Sunspire est\u00e1 localizada na zona de Northern Elsweyr, para acessa-la \u00e9 necess\u00e1ria a DLC Elsweyr e um grupo de 12 jogadores. O guia tem como objetivo auxiliar e\/ou sanar d\u00favidas a respeito da Trial Sunspire, na sua dificuldade veterana e Hard Mode.<\/span><\/p><h1 style=\"color: #ffffff; font-style: normal;\"><strong style=\"font-size: 24px;\">Sobre a Trial<\/strong><\/h1><p>A trial Sunspire (vSS) \u00e9 um conte\u00fado realizado por uma equipe de 12 pessoas, em que o principal objetivo \u00e9 derrotar o drag\u00e3o \u201c<i>Nahviintaas<\/i>\u201d e impedir que mais Khajiit do Templo do Pico Solar sejam subjulgados e enganados por aquele que diz ser Akatosh. Durante o decorrer da trial, os jogadores ir\u00e3o enfrentar um total de 3 drag\u00f5es, e passar\u00e3o por diversas \u201c<em style=\"font-family: Roboto, sans-serif; font-size: 16px; font-style: normal; font-weight: 400;\">trash fights<\/em>&#8220;. Este guia cont\u00e9m muitos jarg\u00f5es do ESO, para entend\u00ea-los melhor, utilize o\u00a0<a style=\"font-size: 16px; background-color: #261a05;\" href=\"https:\/\/www.universoeso.com.br\/dicionario-eso\" target=\"_blank\" rel=\"noopener\">Dicion\u00e1rio do ESO<\/a><\/p><h1>Trash Fights<\/h1><p>Os &#8220;adds&#8221; nessa Trial tem uma boa quantidade de vida, s\u00e3o fortes e tem danos em \u00e1reas e mec\u00e2nicas que matam na hora os DPSs e Healers, ent\u00e3o, os tanks tem que segurar os &#8220;adds&#8221; de costas para o time sempre.<\/p><h2>Primeira Area<\/h2><p>Primeira Pull: Logo de in\u00edcio, na fonte, ser\u00e3o 2 Alkosh&#8217;s Roar (famosos gatos de 4 patas) e alguns pequenos arqueiros. Um tank (MT) pega os dois Alkosh&#8217;s Roar, o outro tank (OT) puxa os pequenos arqueiros para pr\u00f3ximo dos Alkosh&#8217;s Roar, enquanto o grupo se direciona para a escada e foca nos adds.<\/p><p>Segunda Pull: Ap\u00f3s os adds morrerem, ir\u00e3o spawnar 1 Alkosh&#8217;s Fate (mago), 1 Ruin of Alkosh (espada escudo) e 1 Fury of Alkosh (sem armas). Um tank (OT) taunta o Fate (mago) e stacka ele nos outros 2 adds, que o OT tauntou. ( Ruin e Fury s\u00e3o melees, ent\u00e3o nao precisam ser stackados, diferente do Fate, que \u00e9 ranged e precisa ser stackado). O grupo de DPSs e Healers continuam atacando da escada.<\/p><p>Terceira Pull: Ser\u00e3o 1 Alkosh&#8217;s Will, 1 Jode&#8217;s Fire-Fang (gato marrom) e 1 Jone&#8217;s Gale-Claw ( gato branco). Nessa pull, todos os adds s\u00e3o melees, assim, o Main Tank taunta o Will (gato que segura uma Espada de Duas M\u00e3os) enquanto o Off Tank corre e taunta os dois Gatos, marrom e branco, que nascem nos extremos da sala. O grupo de DPSs e Healers continuam atacando da escada.<\/p><h2>Sala de Gelo<\/h2><p>Primeira Pull: 1 Jone&#8217;s Gale-Claw ( gato branco) e v\u00e1rios arqueiros pequenos. O MT taunta o Gato, posicionando-o de costas para o grupo. O OT puxa os arqueiros para pr\u00f3ximo dos Gato.<\/p><p>Segunda Pull: 2 Jode&#8217;s Fire-Fang (gato marrom), 1 Alkosh&#8217;s Will, 1 Alkosh&#8217;s Fate e v\u00e1rios arqueiros. O MT taunta o Alkosh Will, leva para o Fate e usa &#8220;chains&#8221; nos adds pequenos. O OT taunta os dois Jode&#8217;s Fire-Fang e os leva para o Fate.<\/p><p>Terceira Pull: \u00c9 uma c\u00f3pia da Segunda Pull, 2 Jode&#8217;s Fire-Fang (gato marrom), 1 Alkosh&#8217;s Will, 1 Alkosh&#8217;s Fate e v\u00e1rios arqueiros ir\u00e3o aparecer. O MT taunta o Alkosh Will, leva para o Fate e usa &#8220;chains&#8221; nos adds pequenos. O OT taunta os dois Jode&#8217;s Fire-Fang e os leva para o Fate.<\/p><h2>Corredor e Trash antes do Lokkestiiz<\/h2><p>No corredor, s\u00f3 existe um add para se preocupar, o Jone&#8217;s Gale-Claw ( gato branco). O MT taunta o gato e o posiciona de costas para o grupo, al\u00e9m de puxar os pequenos adds para pr\u00f3ximo do gato.<\/p><p>Na trash antes do Lokkestiiz o grupo deve tomar cuidado, se poss\u00edvel, usar algumas ultimates, visto que essa trash possui 2 Alkosh&#8217;s Will, 2 Jone&#8217;s Gale-Claw ( gato branco), 2 Alkosh&#8217;s Fate e v\u00e1rios arqueiros pequenos. O MT taunta os dois gatos brancos, o OT taunta os dois Alkosh Will, os tanks tem que stackar os adds junto aos 2 Fates, al\u00e9m de puxar os arqueiros para pr\u00f3ximo do stack. Nessa trash, a prioridade \u00e9 executar os dois Fates o mais r\u00e1pido possivel.<\/p><h1>Luta com o Lokkestiiz HM<\/h1><p>Alguns videos para expor as mecanicas:<br \/>POV Healer Lokkestiiz, dos 00:00 at\u00e9 0s 5:20 minutos<br \/><a href=\"https:\/\/www.youtube.com\/watch?v=KyqqyAPjYlM\">https:\/\/www.youtube.com\/watch?v=KyqqyAPjYlM<\/a><\/p><p>POV do Main Tank:<br \/><a href=\"https:\/\/www.youtube.com\/watch?v=5MrcLsTnaPI&amp;feature=youtu.be\">https:\/\/www.youtube.com\/watch?v=5MrcLsTnaPI&amp;feature=youtu.be<\/a><\/p><p>As mec\u00e2nicas gerais que acontecem no veterano, agora sofrem mudan\u00e7as expressivas. O boss tem 107.8 milh\u00f5es de HP, o n\u00famero de &#8220;tumbas&#8221; \u00e9 dobrado, al\u00e9m de acrescentar Atros de Fogo durantes a luta e a presen\u00e7a da &#8220;Bean Phase&#8221;.<\/p><p>Diferente do veterano normal, ser\u00e3o duas tumbas por vez, as quais o healer ter\u00e1 de curar, igual no veterano, o mais r\u00e1pido poss\u00edvel.<\/p><p>A diferen\u00e7a significativa no HM \u00e9 a &#8220;Bean Phase&#8221;, na qual os jogadores tem que estar separados, em posi\u00e7\u00f5es de acordo com a imagem:<\/p><p><img decoding=\"async\" loading=\"lazy\" src=\"https:\/\/www.universoeso.com.br\/wp-content\/uploads\/2020\/10\/Hatchet-300x202.png\" alt=\"\" width=\"512\" height=\"345\" \/><\/p><p>Onde os H representam os Healers, a contagem de 1 a 8 s\u00e3o os DPS, e os Tanks continuam nas suas fun\u00e7\u00f5es.<\/p><h2>Trashs &#8211; Parte 2 &#8211; Depois do Lokkestiiz<\/h2><p>Depois do boss de Gelo, Lokkestiiz, a primeira trash \u00e9 composta por 2 Alkosh&#8217;s Will e 2 Alkosh&#8217;s Fate, al\u00e9m dos arqueiros pequenos, o MT pega os 2 Wills, enquanto o OT stack o Fate da esquerda e puxa os arqueiros pequenos para o stack.<\/p><p>Descendo a escada temos uma trash que contem v\u00e1rios pequenos arqueiros e 3 Jode&#8217;s Fire-Fang (gato marrom). \u00c9 uma trash f\u00e1cil, o MT pega os 3 gatos e traz para o stack dos arqueiros.<\/p><p>Por fim, temos a ultima trash, antes do Boss de Fogo, Yolnahkriin. \u00c9 uma trash que contem 5 adds. Ser\u00e3o 2 Ruin of Alkosh (espada escudo) e 3 Fury of Alkosh (sem armas). Os tanks podem dividir o agro como quiserem.<\/p><h1>Luta com o Yolnahkriin HM<\/h1><p>Main Tank POV:<br \/><a href=\"https:\/\/www.youtube.com\/watch?v=YH_2OAbQecI\">https:\/\/www.youtube.com\/watch?v=YH_2OAbQecI<\/a><\/p><p>Healer POV:<br \/><a href=\"https:\/\/youtu.be\/KyqqyAPjYlM?t=325\">https:\/\/youtu.be\/KyqqyAPjYlM?t=325<\/a><\/p><p>Definitivamente \u00e9 um dos HM mais f\u00e1ceis. A unica diferen\u00e7a no HM \u00e9 que os Atros de Fogo explodem depois de 20 segundos, e ao morrerem, deixam uma \u00e1rea de dano no ch\u00e3o. a melhor estrat\u00e9gia \u00e9 o Main Tank puxar os atros para &#8220;dentro&#8221; do drag\u00e3o utilizando a Skill &#8220;Chains&#8221; ou &#8220;Silver Leash&#8221;. \u00c9 interessante que o grupo guarde algumas ultimates para quando os 2 atronachs de fogo estiverem agrupados, assim, eles n\u00e3o explodir\u00e3o.<\/p><h2>Trash &#8211; Parte 3 &#8211; Depois do Yolnahkriin<\/h2><p>[Em constru\u00e7\u00e3o]<\/p><h1>Ultimo Boss &#8211; Nahviintaas HM<\/h1><p>MT POV:<\/p><p><iframe loading=\"lazy\" title=\"ESO [TSC TuneSquad] vSS HM Godslayer 246k score MT Warden PoV Nahviintas\" width=\"747\" height=\"420\" src=\"https:\/\/www.youtube.com\/embed\/aFgAMrpv2Zg?feature=oembed\" frameborder=\"0\" allow=\"accelerometer; autoplay; clipboard-write; encrypted-media; gyroscope; picture-in-picture\" allowfullscreen><\/iframe><\/p><p>Healer POV:<\/p><p><iframe loading=\"lazy\" title=\"Godslayer Boss Mashup - Sorcerer Cage Healer (Stonethorn)\" width=\"747\" height=\"420\" src=\"https:\/\/www.youtube.com\/embed\/KyqqyAPjYlM?feature=oembed\" frameborder=\"0\" allow=\"accelerometer; autoplay; clipboard-write; encrypted-media; gyroscope; picture-in-picture\" allowfullscreen><\/iframe><\/p>\t\t\t\t\t\t<\/div>\n\t\t\t\t<\/div>\n\t\t\t\t\t<\/div>\n\t\t<\/div>\n\t\t\t\t\t\t\t<\/div>\n\t\t<\/section>\n\t\t\t\t<section class=\"elementor-section elementor-top-section elementor-element elementor-element-795d434 elementor-section-boxed elementor-section-height-default elementor-section-height-default\" data-id=\"795d434\" data-element_type=\"section\">\n\t\t\t\t\t\t<div class=\"elementor-container elementor-column-gap-default\">\n\t\t\t\t\t<div class=\"elementor-column elementor-col-100 elementor-top-column elementor-element elementor-element-f5dfe01\" data-id=\"f5dfe01\" data-element_type=\"column\">\n\t\t\t<div class=\"elementor-widget-wrap\">\n\t\t\t\t\t\t\t\t\t<\/div>\n\t\t<\/div>\n\t\t\t\t\t\t\t<\/div>\n\t\t<\/section>\n\t\t\t\t\t\t\t<\/div>\n\t\t","protected":false},"excerpt":{"rendered":"ESTE GUIA AINDA EST\u00c1 EM CONSTRU\u00c7\u00c3O Sum\u00e1rio Introdu\u00e7\u00e3o Este \u00e9 um guia para a trial&nbsp;Sunspire, tamb\u00e9m conhecida pela sigla \u201cvSS\u201c.&nbsp;A Trial Sunspire est\u00e1 \n<a class=\"moretag\" href=\"https:\/\/www.universoeso.com.br\/guia-trial-sunspire\"> [Leia mais]<\/a>","protected":false},"author":27,"featured_media":0,"parent":0,"menu_order":0,"comment_status":"open","ping_status":"closed","template":"","meta":[],"_links":{"self":[{"href":"https:\/\/www.universoeso.com.br\/index.php\/wp-json\/wp\/v2\/pages\/14533"}],"collection":[{"href":"https:\/\/www.universoeso.com.br\/index.php\/wp-json\/wp\/v2\/pages"}],"about":[{"href":"https:\/\/www.universoeso.com.br\/index.php\/wp-json\/wp\/v2\/types\/page"}],"author":[{"embeddable":true,"href":"https:\/\/www.universoeso.com.br\/index.php\/wp-json\/wp\/v2\/users\/27"}],"replies":[{"embeddable":true,"href":"https:\/\/www.universoeso.com.br\/index.php\/wp-json\/wp\/v2\/comments?post=14533"}],"version-history":[{"count":34,"href":"https:\/\/www.universoeso.com.br\/index.php\/wp-json\/wp\/v2\/pages\/14533\/revisions"}],"predecessor-version":[{"id":17218,"href":"https:\/\/www.universoeso.com.br\/index.php\/wp-json\/wp\/v2\/pages\/14533\/revisions\/17218"}],"wp:attachment":[{"href":"https:\/\/www.universoeso.com.br\/index.php\/wp-json\/wp\/v2\/media?parent=14533"}],"curies":[{"name":"wp","href":"https:\/\/api.w.org\/{rel}","templated":true}]}}