{"id":13298,"date":"2018-11-30T20:00:07","date_gmt":"2018-11-30T22:00:07","guid":{"rendered":"http:\/\/www.universoeso.com.br\/?p=13298"},"modified":"2021-03-29T22:07:17","modified_gmt":"2021-03-30T01:07:17","slug":"guia-de-masmorra-march-of-sacrifices-marcha-dos-sacrificios","status":"publish","type":"page","link":"https:\/\/www.universoeso.com.br\/guia-masmorra-march-of-sacrifices","title":{"rendered":"Guia de Masmorra: March of Sacrifices"},"content":{"rendered":"\t\t<div data-elementor-type=\"wp-page\" data-elementor-id=\"13298\" class=\"elementor elementor-13298\">\n\t\t\t\t\t\t\t\t\t<section class=\"elementor-section elementor-top-section elementor-element elementor-element-897f6d8 elementor-section-boxed elementor-section-height-default elementor-section-height-default\" data-id=\"897f6d8\" data-element_type=\"section\">\n\t\t\t\t\t\t<div class=\"elementor-container elementor-column-gap-default\">\n\t\t\t\t\t<div class=\"elementor-column elementor-col-100 elementor-top-column elementor-element elementor-element-9aa826f\" data-id=\"9aa826f\" data-element_type=\"column\">\n\t\t\t<div class=\"elementor-widget-wrap elementor-element-populated\">\n\t\t\t\t\t\t\t\t<div class=\"elementor-element elementor-element-2fb8ec7 elementor-widget elementor-widget-image\" data-id=\"2fb8ec7\" data-element_type=\"widget\" data-widget_type=\"image.default\">\n\t\t\t\t<div class=\"elementor-widget-container\">\n\t\t\t\t\t\t\t\t\t\t\t\t\t\t\t<img decoding=\"async\" width=\"747\" height=\"420\" src=\"https:\/\/www.universoeso.com.br\/wp-content\/uploads\/2018\/11\/marchofsacrifices1-1024x576.jpg\" class=\"attachment-large size-large wp-image-13324\" alt=\"\" loading=\"lazy\" srcset=\"https:\/\/www.universoeso.com.br\/wp-content\/uploads\/2018\/11\/marchofsacrifices1-1024x576.jpg 1024w, https:\/\/www.universoeso.com.br\/wp-content\/uploads\/2018\/11\/marchofsacrifices1-300x169.jpg 300w, https:\/\/www.universoeso.com.br\/wp-content\/uploads\/2018\/11\/marchofsacrifices1-768x432.jpg 768w, https:\/\/www.universoeso.com.br\/wp-content\/uploads\/2018\/11\/marchofsacrifices1.jpg 1920w\" sizes=\"(max-width: 747px) 100vw, 747px\" \/>\t\t\t\t\t\t\t\t\t\t\t\t\t\t\t<\/div>\n\t\t\t\t<\/div>\n\t\t\t\t\t<\/div>\n\t\t<\/div>\n\t\t\t\t\t\t\t<\/div>\n\t\t<\/section>\n\t\t\t\t<section class=\"elementor-section elementor-top-section elementor-element elementor-element-69213c84 elementor-section-boxed elementor-section-height-default elementor-section-height-default\" data-id=\"69213c84\" data-element_type=\"section\">\n\t\t\t\t\t\t<div class=\"elementor-container elementor-column-gap-default\">\n\t\t\t\t\t<div class=\"elementor-column elementor-col-100 elementor-top-column elementor-element elementor-element-451223cc\" data-id=\"451223cc\" data-element_type=\"column\">\n\t\t\t<div class=\"elementor-widget-wrap elementor-element-populated\">\n\t\t\t\t\t\t\t\t<div class=\"elementor-element elementor-element-597ac30e elementor-widget elementor-widget-text-editor\" data-id=\"597ac30e\" data-element_type=\"widget\" data-widget_type=\"text-editor.default\">\n\t\t\t\t<div class=\"elementor-widget-container\">\n\t\t\t\t\t\t\tEsse \u00e9 um guia da masmorra &#8220;Marcha dos Sacrif\u00edcios&#8221;. Um conte\u00fado de grupo de 4 jogadores, localizado na Est\u00e1tua de Hircine ao sudoeste da Gruta da Serpente em Verdejante&nbsp;no&nbsp;<strong>The Elder Scrolls Online<\/strong>. \u00c9 parte da DLC&nbsp;Wolfhunter, dispon\u00edvel no modo normal e veterano.&nbsp;Ser\u00e3o abordados todos os detalhes de mec\u00e2nicas necess\u00e1rios para completar esse conte\u00fado, al\u00e9m de dicas para preparar o time e lidar com cada encontro.<\/div><\/div><\/div><\/div><\/div><\/section><\/div> <a href=\"https:\/\/www.universoeso.com.br\/guia-masmorra-march-of-sacrifices#more-13298\" class=\"more-link elementor-more-link\"><span aria-label=\"Continue lendo Guia de Masmorra: March of Sacrifices\">(mais&hellip;)<\/span><\/a>","protected":false},"excerpt":{"rendered":"Esse \u00e9 um guia da masmorra &#8220;Marcha dos Sacrif\u00edcios&#8221;. Um conte\u00fado de grupo de 4 jogadores, localizado na Est\u00e1tua de Hircine ao sudoeste \n<a class=\"moretag\" href=\"https:\/\/www.universoeso.com.br\/guia-masmorra-march-of-sacrifices\"> [Leia mais]<\/a>","protected":false},"author":2,"featured_media":13324,"parent":17041,"menu_order":0,"comment_status":"open","ping_status":"closed","template":"layouts\/fullwidth.php","meta":[],"_links":{"self":[{"href":"https:\/\/www.universoeso.com.br\/index.php\/wp-json\/wp\/v2\/pages\/13298"}],"collection":[{"href":"https:\/\/www.universoeso.com.br\/index.php\/wp-json\/wp\/v2\/pages"}],"about":[{"href":"https:\/\/www.universoeso.com.br\/index.php\/wp-json\/wp\/v2\/types\/page"}],"author":[{"embeddable":true,"href":"https:\/\/www.universoeso.com.br\/index.php\/wp-json\/wp\/v2\/users\/2"}],"replies":[{"embeddable":true,"href":"https:\/\/www.universoeso.com.br\/index.php\/wp-json\/wp\/v2\/comments?post=13298"}],"version-history":[{"count":15,"href":"https:\/\/www.universoeso.com.br\/index.php\/wp-json\/wp\/v2\/pages\/13298\/revisions"}],"predecessor-version":[{"id":17007,"href":"https:\/\/www.universoeso.com.br\/index.php\/wp-json\/wp\/v2\/pages\/13298\/revisions\/17007"}],"up":[{"embeddable":true,"href":"https:\/\/www.universoeso.com.br\/index.php\/wp-json\/wp\/v2\/pages\/17041"}],"wp:featuredmedia":[{"embeddable":true,"href":"https:\/\/www.universoeso.com.br\/index.php\/wp-json\/wp\/v2\/media\/13324"}],"wp:attachment":[{"href":"https:\/\/www.universoeso.com.br\/index.php\/wp-json\/wp\/v2\/media?parent=13298"}],"curies":[{"name":"wp","href":"https:\/\/api.w.org\/{rel}","templated":true}]}}