{"id":10244,"date":"2017-11-12T22:00:13","date_gmt":"2017-11-13T00:00:13","guid":{"rendered":"http:\/\/www.universoeso.com.br\/?p=10244"},"modified":"2021-03-29T20:46:08","modified_gmt":"2021-03-29T23:46:08","slug":"guia-dragonstar-arena","status":"publish","type":"page","link":"https:\/\/www.universoeso.com.br\/guia-dragonstar-arena\/","title":{"rendered":"Guia: Dragonstar Arena"},"content":{"rendered":"\t\t<div data-elementor-type=\"wp-page\" data-elementor-id=\"10244\" class=\"elementor elementor-10244\">\n\t\t\t\t\t\t\t\t\t<section class=\"elementor-section elementor-top-section elementor-element elementor-element-6c59c70 elementor-section-boxed elementor-section-height-default elementor-section-height-default\" data-id=\"6c59c70\" data-element_type=\"section\">\n\t\t\t\t\t\t<div class=\"elementor-container elementor-column-gap-default\">\n\t\t\t\t\t<div class=\"elementor-column elementor-col-100 elementor-top-column elementor-element elementor-element-7668356\" data-id=\"7668356\" data-element_type=\"column\">\n\t\t\t<div class=\"elementor-widget-wrap elementor-element-populated\">\n\t\t\t\t\t\t\t\t<div class=\"elementor-element elementor-element-e9a083e elementor-widget elementor-widget-image\" data-id=\"e9a083e\" data-element_type=\"widget\" data-widget_type=\"image.default\">\n\t\t\t\t<div class=\"elementor-widget-container\">\n\t\t\t\t\t\t\t\t\t\t\t\t\t\t\t<img decoding=\"async\" width=\"747\" height=\"420\" src=\"https:\/\/www.universoeso.com.br\/wp-content\/uploads\/2017\/04\/dsaa-1024x576.jpg\" class=\"attachment-large size-large wp-image-11257\" alt=\"\" loading=\"lazy\" srcset=\"https:\/\/www.universoeso.com.br\/wp-content\/uploads\/2017\/04\/dsaa-1024x576.jpg 1024w, https:\/\/www.universoeso.com.br\/wp-content\/uploads\/2017\/04\/dsaa-300x169.jpg 300w, https:\/\/www.universoeso.com.br\/wp-content\/uploads\/2017\/04\/dsaa-768x432.jpg 768w, https:\/\/www.universoeso.com.br\/wp-content\/uploads\/2017\/04\/dsaa.jpg 1920w\" sizes=\"(max-width: 747px) 100vw, 747px\" \/>\t\t\t\t\t\t\t\t\t\t\t\t\t\t\t<\/div>\n\t\t\t\t<\/div>\n\t\t\t\t\t<\/div>\n\t\t<\/div>\n\t\t\t\t\t\t\t<\/div>\n\t\t<\/section>\n\t\t\t\t<section class=\"elementor-section elementor-top-section elementor-element elementor-element-162cddc elementor-section-boxed elementor-section-height-default elementor-section-height-default\" data-id=\"162cddc\" data-element_type=\"section\">\n\t\t\t\t\t\t<div class=\"elementor-container elementor-column-gap-default\">\n\t\t\t\t\t<div class=\"elementor-column elementor-col-100 elementor-top-column elementor-element elementor-element-8c7b431\" data-id=\"8c7b431\" data-element_type=\"column\">\n\t\t\t<div class=\"elementor-widget-wrap\">\n\t\t\t\t\t\t\t\t\t<\/div>\n\t\t<\/div>\n\t\t\t\t\t\t\t<\/div>\n\t\t<\/section>\n\t\t\t\t<section class=\"elementor-section elementor-top-section elementor-element elementor-element-e7cf2ac elementor-section-boxed elementor-section-height-default elementor-section-height-default\" data-id=\"e7cf2ac\" data-element_type=\"section\">\n\t\t\t\t\t\t<div class=\"elementor-container elementor-column-gap-default\">\n\t\t\t\t\t<div class=\"elementor-column elementor-col-100 elementor-top-column elementor-element elementor-element-36cd652f\" data-id=\"36cd652f\" data-element_type=\"column\">\n\t\t\t<div class=\"elementor-widget-wrap elementor-element-populated\">\n\t\t\t\t\t\t\t\t<div class=\"elementor-element elementor-element-39d22f14 elementor-widget elementor-widget-text-editor\" data-id=\"39d22f14\" data-element_type=\"widget\" data-widget_type=\"text-editor.default\">\n\t\t\t\t<div class=\"elementor-widget-container\">\n\t\t\t\t\t\t\t<p><span style=\"font-weight: 400;\">Um j\u00e1 antigo e conhecido conte\u00fado do ESO \u00e9 a Dragonstar Arena (DSA), que est\u00e1 presente desde o Patch 1.4 e sofreu diversos balanceamentos ao longo do tempo. Essa arena \u00e9 famosa por n\u00e3o precisar de DLC para ser jogada e necess\u00e1rio um grupo de 4 jogadores com roles espec\u00edficas, sendo um conte\u00fado \u00fanico com recompensas \u00fanicas, como as famosas armas Master.<\/span><\/p><\/div><\/div><\/div><\/div><\/div><\/section><\/div> <a href=\"https:\/\/www.universoeso.com.br\/guia-dragonstar-arena\/#more-10244\" class=\"more-link elementor-more-link\"><span aria-label=\"Continue lendo Guia: Dragonstar Arena\">(mais&hellip;)<\/span><\/a>","protected":false},"excerpt":{"rendered":"Sum\u00e1rio Um j\u00e1 antigo e conhecido conte\u00fado do ESO \u00e9 a Dragonstar Arena (DSA), que est\u00e1 presente desde o Patch 1.4 e sofreu \n<a class=\"moretag\" href=\"https:\/\/www.universoeso.com.br\/guia-dragonstar-arena\/\"> [Leia mais]<\/a>","protected":false},"author":2,"featured_media":11257,"parent":0,"menu_order":0,"comment_status":"open","ping_status":"open","template":"layouts\/fullwidth.php","meta":[],"_links":{"self":[{"href":"https:\/\/www.universoeso.com.br\/index.php\/wp-json\/wp\/v2\/pages\/10244"}],"collection":[{"href":"https:\/\/www.universoeso.com.br\/index.php\/wp-json\/wp\/v2\/pages"}],"about":[{"href":"https:\/\/www.universoeso.com.br\/index.php\/wp-json\/wp\/v2\/types\/page"}],"author":[{"embeddable":true,"href":"https:\/\/www.universoeso.com.br\/index.php\/wp-json\/wp\/v2\/users\/2"}],"replies":[{"embeddable":true,"href":"https:\/\/www.universoeso.com.br\/index.php\/wp-json\/wp\/v2\/comments?post=10244"}],"version-history":[{"count":36,"href":"https:\/\/www.universoeso.com.br\/index.php\/wp-json\/wp\/v2\/pages\/10244\/revisions"}],"predecessor-version":[{"id":17040,"href":"https:\/\/www.universoeso.com.br\/index.php\/wp-json\/wp\/v2\/pages\/10244\/revisions\/17040"}],"wp:featuredmedia":[{"embeddable":true,"href":"https:\/\/www.universoeso.com.br\/index.php\/wp-json\/wp\/v2\/media\/11257"}],"wp:attachment":[{"href":"https:\/\/www.universoeso.com.br\/index.php\/wp-json\/wp\/v2\/media?parent=10244"}],"curies":[{"name":"wp","href":"https:\/\/api.w.org\/{rel}","templated":true}]}}